
{"id":997,"date":"2025-04-16T14:42:53","date_gmt":"2025-04-16T14:42:53","guid":{"rendered":"https:\/\/baselab.ch\/?post_type=product&#038;p=997"},"modified":"2025-05-06T09:59:54","modified_gmt":"2025-05-06T09:59:54","slug":"appricotine-6-pack","status":"publish","type":"product","link":"https:\/\/baselab.ch\/de\/boutique\/appricotine-6-pack\/","title":{"rendered":"Apricotine (6 Pack)"},"content":{"rendered":"<h5>Apricotine \u2013 BLAKROW<\/h5>\n<p>Entdecken Sie den Bestseller \u201eL\u2018apricotine\u201c aus der V-TWIN-Reihe von BLAKROW. Ein Aprikosenaroma, verst\u00e4rkt durch einen Hauch von Kaktus und Vanille, das eine Note von kaum reifen, frisch gepfl\u00fcckten Sommerfr\u00fcchten erzeugt.<\/p>\n<h5>Geschmacksrichtungen<\/h5>\n<ul>\n<li>Reichhaltige Aprikose: Die Reichhaltigkeit der Aprikose dominiert das Geschmackserlebnis.<\/li>\n<li>Exotischer Kaktus: Eine exotische Note, die f\u00fcr eine \u00fcberraschende Note sorgt.<\/li>\n<li>Creamy Vanilla: Die cremige S\u00fc\u00dfe der Vanille f\u00fcr einen perfekten Abschluss.<\/li>\n<\/ul>\n<p data-start=\"590\" data-end=\"614\"><strong data-start=\"590\" data-end=\"612\">Merkmale :<\/strong><\/p>\n<ul data-start=\"615\" data-end=\"738\">\n<li data-start=\"615\" data-end=\"633\">Flasche: 75 ml<\/li>\n<li data-start=\"634\" data-end=\"677\">Fassungsverm\u00f6gen: 50 ml<\/li>\n<li data-start=\"678\" data-end=\"698\">Basis: 50PG\/50VG<\/li>\n<li data-start=\"699\" data-end=\"738\">Verpackung: Packung mit 6 Flaschen<\/li>\n<\/ul>\n<p><strong data-start=\"231\" data-end=\"289\">Dieses Produkt wird nur in Packungen mit 6 Flaschen verkauft.<\/strong><br data-start=\"289\" data-end=\"292\" \/>Der angezeigte Preis entspricht einer Flasche (Einheit).<\/p>","protected":false},"excerpt":{"rendered":"<h5>Sommer-Bestseller<\/h5>\n<p>\u201eL\u2019apricotine\u201c von BLAKROW, ein Bestseller im V-TWIN-Bereich, bietet ein unvergleichliches Sommererlebnis. Tauchen Sie ein in die F\u00fclle der Aprikose, die exotische Note des Kaktus und die cremige S\u00fc\u00dfe der Vanille, die mit jedem Zug ein Aroma von kaum reifen, frisch gepfl\u00fcckten Sommerfr\u00fcchten erzeugt.<\/p>\n<p><strong data-start=\"231\" data-end=\"289\">Dieses Produkt wird nur in Packungen mit 6 Flaschen verkauft.<\/strong><br data-start=\"289\" data-end=\"292\" \/>Der angezeigte Preis entspricht einer Flasche (Einheit).<\/p>","protected":false},"featured_media":1059,"template":"","meta":[],"product_brand":[55,56],"product_cat":[25,28],"product_tag":[36,40,35],"class_list":{"0":"post-997","1":"product","2":"type-product","3":"status-publish","4":"has-post-thumbnail","6":"product_brand-blakrow","7":"product_brand-v-twin","8":"product_cat-sans-nicotine","9":"product_cat-shortfill","10":"product_tag-blakrow","11":"product_tag-ice-tea","12":"product_tag-no-nic","14":"first","15":"instock","16":"taxable","17":"shipping-taxable","18":"purchasable","19":"product-type-simple"},"_links":{"self":[{"href":"https:\/\/baselab.ch\/de\/wp-json\/wp\/v2\/product\/997","targetHints":{"allow":["GET"]}}],"collection":[{"href":"https:\/\/baselab.ch\/de\/wp-json\/wp\/v2\/product"}],"about":[{"href":"https:\/\/baselab.ch\/de\/wp-json\/wp\/v2\/types\/product"}],"version-history":[{"count":1,"href":"https:\/\/baselab.ch\/de\/wp-json\/wp\/v2\/product\/997\/revisions"}],"predecessor-version":[{"id":999,"href":"https:\/\/baselab.ch\/de\/wp-json\/wp\/v2\/product\/997\/revisions\/999"}],"wp:featuredmedia":[{"embeddable":true,"href":"https:\/\/baselab.ch\/de\/wp-json\/wp\/v2\/media\/1059"}],"wp:attachment":[{"href":"https:\/\/baselab.ch\/de\/wp-json\/wp\/v2\/media?parent=997"}],"wp:term":[{"taxonomy":"product_brand","embeddable":true,"href":"https:\/\/baselab.ch\/de\/wp-json\/wp\/v2\/product_brand?post=997"},{"taxonomy":"product_cat","embeddable":true,"href":"https:\/\/baselab.ch\/de\/wp-json\/wp\/v2\/product_cat?post=997"},{"taxonomy":"product_tag","embeddable":true,"href":"https:\/\/baselab.ch\/de\/wp-json\/wp\/v2\/product_tag?post=997"}],"curies":[{"name":"wp","href":"https:\/\/api.w.org\/{rel}","templated":true}]}}