
{"id":994,"date":"2025-04-16T14:32:30","date_gmt":"2025-04-16T14:32:30","guid":{"rendered":"https:\/\/baselab.ch\/?post_type=product&#038;p=994"},"modified":"2025-04-28T09:09:25","modified_gmt":"2025-04-28T09:09:25","slug":"macchato-6-pack","status":"publish","type":"product","link":"https:\/\/baselab.ch\/de\/boutique\/macchato-6-pack\/","title":{"rendered":"Macchiato (6-Pack)"},"content":{"rendered":"<h5>Macchiato \u2013 BLAKROW<\/h5>\n<p>Entdecken Sie den Bestseller \u201eMacchiato\u201c aus der V-Twin-Reihe von BLAKROW. Ein cremiger Kaffee mit einer sehr pr\u00e4senten Haselnuss- und Karamellnote nach Wunsch. Mehr kann man dazu kaum sagen, au\u00dfer dass es ein sehr s\u00fcchtig machender Saft ist.<\/p>\n<h5>Geschmacksrichtungen<\/h5>\n<ul>\n<li>Cremiger Kaffee: Die Sanftheit des Kaffees umh\u00fcllt die Geschmacksknospen.<\/li>\n<li>Haselnuss-Gourmande: Die ausgepr\u00e4gte Pr\u00e4senz der Haselnuss verleiht eine k\u00f6stliche Note.<\/li>\n<li>S\u00fc\u00dfes Karamell: Die S\u00fc\u00dfe des Karamells erg\u00e4nzt die Komposition perfekt.<\/li>\n<\/ul>\n<p data-start=\"382\" data-end=\"588\">Angeboten im Format <strong data-start=\"400\" data-end=\"409\">75 ml<\/strong>, mit <strong data-start=\"416\" data-end=\"449\">50 ml dampffertige Fl\u00fcssigkeit<\/strong> in 50PG\/50VG-Basis, addieren Sie einfach zu <strong data-start=\"497\" data-end=\"517\">20 ml Booster<\/strong> um den Nikotingehalt entsprechend den Vorlieben Ihrer Kunden anzupassen.<\/p>\n<p data-start=\"590\" data-end=\"614\"><strong data-start=\"590\" data-end=\"612\">Merkmale :<\/strong><\/p>\n<ul data-start=\"615\" data-end=\"738\">\n<li data-start=\"615\" data-end=\"633\">Flasche: 75 ml<\/li>\n<li data-start=\"634\" data-end=\"677\">Fassungsverm\u00f6gen: 50 ml<\/li>\n<li data-start=\"678\" data-end=\"698\">Basis: 50PG\/50VG<\/li>\n<li data-start=\"699\" data-end=\"738\">Verpackung: Packung mit 6 Flaschen<\/li>\n<\/ul>\n<p><strong data-start=\"231\" data-end=\"289\">Dieses Produkt wird nur in Packungen mit 6 Flaschen verkauft.<\/strong><br data-start=\"289\" data-end=\"292\" \/>Der angezeigte Preis entspricht einer Flasche (Einheit).<\/p>","protected":false},"excerpt":{"rendered":"<h5>Der Bestseller dieser Marke ist ein cremiger Kaffee mit kr\u00e4ftigen Haselnuss- und Karamellnoten. Mehr kann man dazu kaum sagen, au\u00dfer dass es ein sehr, sehr s\u00fcchtig machender Saft ist.<\/h5>\n<p>Entdecken Sie den Bestseller \u201eMacchiato\u201c aus der V-Twin-Reihe von BLAKROW. Ein cremiger Kaffee mit einer sehr pr\u00e4senten Haselnuss- und Karamellnote nach Wunsch. Mehr kann man dazu kaum sagen, au\u00dfer dass es ein sehr s\u00fcchtig machender Saft ist.<\/p>\n<p><strong data-start=\"231\" data-end=\"289\">Dieses Produkt wird nur in Packungen mit 6 Flaschen verkauft.<\/strong><br data-start=\"289\" data-end=\"292\" \/>Der angezeigte Preis entspricht einer Flasche (Einheit).<\/p>","protected":false},"featured_media":1058,"template":"","meta":[],"product_brand":[55,56],"product_cat":[25,28],"product_tag":[36,40,35],"class_list":{"0":"post-994","1":"product","2":"type-product","3":"status-publish","4":"has-post-thumbnail","6":"product_brand-blakrow","7":"product_brand-v-twin","8":"product_cat-sans-nicotine","9":"product_cat-shortfill","10":"product_tag-blakrow","11":"product_tag-ice-tea","12":"product_tag-no-nic","14":"first","15":"instock","16":"taxable","17":"shipping-taxable","18":"purchasable","19":"product-type-simple"},"_links":{"self":[{"href":"https:\/\/baselab.ch\/de\/wp-json\/wp\/v2\/product\/994","targetHints":{"allow":["GET"]}}],"collection":[{"href":"https:\/\/baselab.ch\/de\/wp-json\/wp\/v2\/product"}],"about":[{"href":"https:\/\/baselab.ch\/de\/wp-json\/wp\/v2\/types\/product"}],"version-history":[{"count":1,"href":"https:\/\/baselab.ch\/de\/wp-json\/wp\/v2\/product\/994\/revisions"}],"predecessor-version":[{"id":996,"href":"https:\/\/baselab.ch\/de\/wp-json\/wp\/v2\/product\/994\/revisions\/996"}],"wp:featuredmedia":[{"embeddable":true,"href":"https:\/\/baselab.ch\/de\/wp-json\/wp\/v2\/media\/1058"}],"wp:attachment":[{"href":"https:\/\/baselab.ch\/de\/wp-json\/wp\/v2\/media?parent=994"}],"wp:term":[{"taxonomy":"product_brand","embeddable":true,"href":"https:\/\/baselab.ch\/de\/wp-json\/wp\/v2\/product_brand?post=994"},{"taxonomy":"product_cat","embeddable":true,"href":"https:\/\/baselab.ch\/de\/wp-json\/wp\/v2\/product_cat?post=994"},{"taxonomy":"product_tag","embeddable":true,"href":"https:\/\/baselab.ch\/de\/wp-json\/wp\/v2\/product_tag?post=994"}],"curies":[{"name":"wp","href":"https:\/\/api.w.org\/{rel}","templated":true}]}}