
{"id":802,"date":"2025-04-10T07:21:54","date_gmt":"2025-04-10T07:21:54","guid":{"rendered":"https:\/\/baselab.ch\/?post_type=product&#038;p=802"},"modified":"2025-05-12T08:21:16","modified_gmt":"2025-05-12T08:21:16","slug":"pineapple-longfill-6-pack","status":"publish","type":"product","link":"https:\/\/baselab.ch\/de\/boutique\/pineapple-longfill-6-pack\/","title":{"rendered":"Ananas Longfill (6er Pack)"},"content":{"rendered":"<p data-start=\"55\" data-end=\"353\"><strong data-start=\"55\" data-end=\"90\">Ananas \u2013 Bewertung X<\/strong><br data-start=\"90\" data-end=\"93\" \/>Entdecken Sie die pure Essenz der Exotik mit der \u201eAnanas\u201c der Marke <strong>RATED X<\/strong> von <strong>BLAKROW<\/strong>. Ein Geschmackserlebnis, das die Frische und Einfachheit reifer Ananas einf\u00e4ngt.<\/p>\n<p data-start=\"355\" data-end=\"558\">Angeboten im Format <strong data-start=\"373\" data-end=\"385\">Longfill<\/strong> Container <strong data-start=\"396\" data-end=\"414\">20 ml Aromen<\/strong>, erm\u00f6glicht es Ihnen, den Nikotingehalt einfach anzupassen, indem Sie bis zu <strong data-start=\"487\" data-end=\"518\">50 ml Booster oder Base<\/strong> entsprechend den Benutzereinstellungen.<\/p>\n<p data-start=\"560\" data-end=\"584\"><strong data-start=\"560\" data-end=\"582\">Merkmale :<\/strong><\/p>\n<ul data-start=\"585\" data-end=\"685\">\n<li data-start=\"585\" data-end=\"603\">Flasche: 75 ml<\/li>\n<li data-start=\"604\" data-end=\"631\">Konzentriertes Aroma: 20 ml<\/li>\n<li data-start=\"632\" data-end=\"645\">Basis: PG<\/li>\n<li data-start=\"646\" data-end=\"685\">Verpackung: Packung mit 6 Flaschen<\/li>\n<\/ul>\n<p data-start=\"687\" data-end=\"825\"><strong data-start=\"687\" data-end=\"700\">Aufmerksamkeit<\/strong> : Es ist ein Aromenkonzentrat. Bitte verd\u00fcnnen Sie es mit <strong data-start=\"762\" data-end=\"790\">mindestens 30 ml Base<\/strong>, vorzugsweise in <strong data-start=\"809\" data-end=\"824\">30\/70 PG\/VG<\/strong>.<\/p>\n<p data-start=\"687\" data-end=\"825\"><strong data-start=\"231\" data-end=\"289\">Dieses Produkt wird nur in Packungen mit 6 Flaschen verkauft.<\/strong><br data-start=\"289\" data-end=\"292\" \/>Der angezeigte Preis entspricht einer Flasche (Einheit).<\/p>","protected":false},"excerpt":{"rendered":"<p><strong data-start=\"55\" data-end=\"164\">Entdecken Sie den authentischen Geschmack reifer Ananas neu.<\/strong> Ein Aromenkonzentrat zum Verd\u00fcnnen, das ein einzigartiges und k\u00f6stliches Geschmackserlebnis bietet, ideal f\u00fcr Ihre Kunden, die intensive Frische und eisgek\u00fchlten Genuss suchen.<\/p>\n<p><strong data-start=\"231\" data-end=\"289\">Dieses Produkt wird nur in Packungen mit 6 Flaschen verkauft.<\/strong><br data-start=\"289\" data-end=\"292\" \/>Der angezeigte Preis entspricht einer Flasche (Einheit).<\/p>","protected":false},"featured_media":803,"template":"","meta":[],"product_brand":[70],"product_cat":[29,25],"product_tag":[40,71,35],"class_list":{"0":"post-802","1":"product","2":"type-product","3":"status-publish","4":"has-post-thumbnail","6":"product_brand-rated-x","7":"product_cat-longfill","8":"product_cat-sans-nicotine","9":"product_tag-ice-tea","10":"product_tag-rated-x","11":"product_tag-no-nic","13":"first","14":"instock","15":"taxable","16":"shipping-taxable","17":"purchasable","18":"product-type-simple"},"_links":{"self":[{"href":"https:\/\/baselab.ch\/de\/wp-json\/wp\/v2\/product\/802","targetHints":{"allow":["GET"]}}],"collection":[{"href":"https:\/\/baselab.ch\/de\/wp-json\/wp\/v2\/product"}],"about":[{"href":"https:\/\/baselab.ch\/de\/wp-json\/wp\/v2\/types\/product"}],"version-history":[{"count":5,"href":"https:\/\/baselab.ch\/de\/wp-json\/wp\/v2\/product\/802\/revisions"}],"predecessor-version":[{"id":1270,"href":"https:\/\/baselab.ch\/de\/wp-json\/wp\/v2\/product\/802\/revisions\/1270"}],"wp:featuredmedia":[{"embeddable":true,"href":"https:\/\/baselab.ch\/de\/wp-json\/wp\/v2\/media\/803"}],"wp:attachment":[{"href":"https:\/\/baselab.ch\/de\/wp-json\/wp\/v2\/media?parent=802"}],"wp:term":[{"taxonomy":"product_brand","embeddable":true,"href":"https:\/\/baselab.ch\/de\/wp-json\/wp\/v2\/product_brand?post=802"},{"taxonomy":"product_cat","embeddable":true,"href":"https:\/\/baselab.ch\/de\/wp-json\/wp\/v2\/product_cat?post=802"},{"taxonomy":"product_tag","embeddable":true,"href":"https:\/\/baselab.ch\/de\/wp-json\/wp\/v2\/product_tag?post=802"}],"curies":[{"name":"wp","href":"https:\/\/api.w.org\/{rel}","templated":true}]}}