
{"id":390,"date":"2025-03-10T12:59:06","date_gmt":"2025-03-10T12:59:06","guid":{"rendered":"https:\/\/baselab.ch\/?post_type=product&#038;p=390"},"modified":"2025-04-29T08:37:17","modified_gmt":"2025-04-29T08:37:17","slug":"classic-kentucky-6-pack","status":"publish","type":"product","link":"https:\/\/baselab.ch\/de\/boutique\/classic-kentucky-6-pack\/","title":{"rendered":"Classic Kentucky (6-Pack)"},"content":{"rendered":"<h3 data-start=\"95\" data-end=\"150\"><strong data-start=\"99\" data-end=\"150\">Classic Kentucky \u2013 Blackrow (Shortfill-Version)<\/strong><\/h3>\n<p data-start=\"152\" data-end=\"629\"><strong data-start=\"152\" data-end=\"167\">Beschreibung<\/strong><br data-start=\"167\" data-end=\"170\" \/><strong data-start=\"170\" data-end=\"190\">Klassisches Kentucky<\/strong> f\u00e4ngt die Weichheit und Subtilit\u00e4t der <strong data-start=\"229\" data-end=\"253\">Kentucky blonder Tabak<\/strong>, angereichert mit einem Hauch von <strong data-start=\"279\" data-end=\"296\">Nuss<\/strong> und einer s\u00fc\u00dfen Note von <strong data-start=\"320\" data-end=\"331\">Vanille<\/strong>. Diese delikate und raffinierte Mischung ist eine unwiderstehliche Einladung f\u00fcr Liebhaber von mildem und trockenem Tabak und bietet ein fesselndes Geruchserlebnis. Lassen Sie sich von dieser harmonischen Mischung verf\u00fchren, die die F\u00fclle von hellem Tabak mit einer s\u00fc\u00dfen Weichheit verbindet, ideal f\u00fcr ein angenehmes und sanftes Dampferlebnis.<\/p>\n<p data-start=\"631\" data-end=\"646\"><strong data-start=\"631\" data-end=\"644\">Geschmacksrichtungen:<\/strong><\/p>\n<ul data-start=\"647\" data-end=\"900\">\n<li data-start=\"647\" data-end=\"721\"><strong data-start=\"649\" data-end=\"673\">Kentucky Blond Tabak<\/strong> : Eine authentische, trockene und raffinierte S\u00fc\u00dfe.<\/li>\n<li data-start=\"722\" data-end=\"820\"><strong data-start=\"724\" data-end=\"748\">Subtile Nuss<\/strong> : Eine zarte und elegante Note, die den Tabak perfekt erg\u00e4nzt.<\/li>\n<li data-start=\"821\" data-end=\"900\"><strong data-start=\"823\" data-end=\"841\">Leichte Vanille<\/strong> : Eine s\u00fc\u00dfe und einh\u00fcllende Note, die die Mischung weicher macht.<\/li>\n<\/ul>\n<p data-start=\"902\" data-end=\"1154\"><strong data-start=\"902\" data-end=\"921\">Verf\u00fchrungstabak<\/strong><br data-start=\"921\" data-end=\"924\" \/><strong data-start=\"924\" data-end=\"944\">Klassisches Kentucky<\/strong> von <strong data-start=\"948\" data-end=\"959\">BLAKROW<\/strong> l\u00e4sst Sie in eine Welt delikater und ausgewogener Aromen eintauchen. Ein perfektes Erlebnis f\u00fcr alle, die eine subtile Fusion zwischen der F\u00fclle von Tabak und s\u00fc\u00dfen, fruchtigen Noten suchen.<\/p>\n<p data-start=\"1156\" data-end=\"1371\">Angeboten im Format <strong data-start=\"1174\" data-end=\"1187\">Shortfill<\/strong>, mit <strong data-start=\"1194\" data-end=\"1245\">50 ml dampffertige Fl\u00fcssigkeit in 50PG\/50VG-Basis<\/strong>, m\u00fcssen Sie nur hinzuf\u00fcgen <strong data-start=\"1272\" data-end=\"1300\">bis zu 20 ml Booster<\/strong> um den Nikotingehalt entsprechend den Vorlieben Ihrer Kunden anzupassen.<\/p>\n<p data-start=\"1373\" data-end=\"1397\"><strong data-start=\"1373\" data-end=\"1395\">Merkmale :<\/strong><\/p>\n<ul data-start=\"1398\" data-end=\"1519\">\n<li data-start=\"1398\" data-end=\"1416\">Flasche: 75 ml<\/li>\n<li data-start=\"1417\" data-end=\"1460\">Fassungsverm\u00f6gen der dampffertigen Fl\u00fcssigkeit: 50 ml<\/li>\n<li data-start=\"1461\" data-end=\"1481\">Basis: 50PG\/50VG<\/li>\n<li data-start=\"1482\" data-end=\"1519\">Verpackung: Packung mit 6 Flaschen<\/li>\n<\/ul>\n<p><strong data-start=\"231\" data-end=\"289\">Dieses Produkt wird nur in Packungen mit 6 Flaschen verkauft.<\/strong><br data-start=\"289\" data-end=\"292\" \/>Der angezeigte Preis entspricht einer Flasche (Einheit).<\/p>","protected":false},"excerpt":{"rendered":"<p data-start=\"2942\" data-end=\"3227\">Ein raffiniertes Erlebnis, das die S\u00fc\u00dfe von Kentucky-Blondtabak, die Feinheit von N\u00fcssen und die Sanftheit von Vanille vereint. Eine unwiderstehliche Mischung f\u00fcr Liebhaber feiner Aromen.<\/p>\n<p data-start=\"2942\" data-end=\"3227\"><strong data-start=\"231\" data-end=\"289\">Dieses Produkt wird nur in Packungen mit 6 Flaschen verkauft.<\/strong><br data-start=\"289\" data-end=\"292\" \/>Der angezeigte Preis entspricht einer Flasche (Einheit).<\/p>","protected":false},"featured_media":734,"template":"","meta":[],"product_brand":[55,57],"product_cat":[25,28],"product_tag":[],"class_list":{"0":"post-390","1":"product","2":"type-product","3":"status-publish","4":"has-post-thumbnail","6":"product_brand-blakrow","7":"product_brand-classic","8":"product_cat-sans-nicotine","9":"product_cat-shortfill","11":"first","12":"instock","13":"taxable","14":"shipping-taxable","15":"purchasable","16":"product-type-simple"},"_links":{"self":[{"href":"https:\/\/baselab.ch\/de\/wp-json\/wp\/v2\/product\/390","targetHints":{"allow":["GET"]}}],"collection":[{"href":"https:\/\/baselab.ch\/de\/wp-json\/wp\/v2\/product"}],"about":[{"href":"https:\/\/baselab.ch\/de\/wp-json\/wp\/v2\/types\/product"}],"version-history":[{"count":3,"href":"https:\/\/baselab.ch\/de\/wp-json\/wp\/v2\/product\/390\/revisions"}],"predecessor-version":[{"id":927,"href":"https:\/\/baselab.ch\/de\/wp-json\/wp\/v2\/product\/390\/revisions\/927"}],"wp:featuredmedia":[{"embeddable":true,"href":"https:\/\/baselab.ch\/de\/wp-json\/wp\/v2\/media\/734"}],"wp:attachment":[{"href":"https:\/\/baselab.ch\/de\/wp-json\/wp\/v2\/media?parent=390"}],"wp:term":[{"taxonomy":"product_brand","embeddable":true,"href":"https:\/\/baselab.ch\/de\/wp-json\/wp\/v2\/product_brand?post=390"},{"taxonomy":"product_cat","embeddable":true,"href":"https:\/\/baselab.ch\/de\/wp-json\/wp\/v2\/product_cat?post=390"},{"taxonomy":"product_tag","embeddable":true,"href":"https:\/\/baselab.ch\/de\/wp-json\/wp\/v2\/product_tag?post=390"}],"curies":[{"name":"wp","href":"https:\/\/api.w.org\/{rel}","templated":true}]}}