
{"id":385,"date":"2025-03-10T12:50:43","date_gmt":"2025-03-10T12:50:43","guid":{"rendered":"https:\/\/baselab.ch\/?post_type=product&#038;p=385"},"modified":"2025-04-29T08:37:32","modified_gmt":"2025-04-29T08:37:32","slug":"classic-louisiana-longfill-6-pack","status":"publish","type":"product","link":"https:\/\/baselab.ch\/de\/boutique\/classic-louisiana-longfill-6-pack\/","title":{"rendered":"Classic Louisiana Longfill (6-Pack)"},"content":{"rendered":"<p data-start=\"90\" data-end=\"384\"><strong data-start=\"90\" data-end=\"122\">Klassisches Louisiana \u2013 Blackrow<\/strong><br data-start=\"122\" data-end=\"125\" \/>Entdecken <strong data-start=\"135\" data-end=\"156\">Klassisches Louisiana<\/strong>, ein aromatisches Erlebnis, inspiriert von den w\u00fcrzigen Aromen des amerikanischen S\u00fcdens, wo klassischer blonder Tabak perfekt mit fesselnden w\u00fcrzigen Noten harmoniert und ein wahres Eintauchen in die Atmosph\u00e4re des <strong data-start=\"374\" data-end=\"383\">Bayou<\/strong>.<\/p>\n<p data-start=\"386\" data-end=\"401\"><strong data-start=\"386\" data-end=\"399\">Geschmacksrichtungen:<\/strong><\/p>\n<ul data-start=\"402\" data-end=\"671\">\n<li data-start=\"402\" data-end=\"528\"><strong data-start=\"404\" data-end=\"441\">Klassisches Blond mit w\u00fcrzigen Noten<\/strong> : Eine subtile Mischung, die die Essenz der w\u00fcrzigen Aromen des amerikanischen S\u00fcdens einf\u00e4ngt.<\/li>\n<li data-start=\"529\" data-end=\"671\"><strong data-start=\"531\" data-end=\"552\">Bayou-Atmosph\u00e4re<\/strong> : Eine olfaktorische Reise ins Herz der W\u00e4rme und W\u00fcrze von <strong data-start=\"613\" data-end=\"622\">Bayou<\/strong>und bietet mit jedem Zug ein einzigartiges Erlebnis.<\/li>\n<\/ul>\n<p data-start=\"673\" data-end=\"971\"><strong data-start=\"673\" data-end=\"697\">Aromatische Symphonie<\/strong><br data-start=\"697\" data-end=\"700\" \/><strong data-start=\"700\" data-end=\"721\">Klassisches Louisiana<\/strong> von <strong data-start=\"725\" data-end=\"736\">BLAKROW<\/strong> bietet eine raffinierte Fusion aus klassischem hellem Tabak und bet\u00f6renden w\u00fcrzigen Noten. Diese fesselnde Mischung ist perfekt f\u00fcr Kenner, die ein authentisches S\u00fcdstaaten-Erlebnis suchen, das sie mit jedem Zug genie\u00dfen k\u00f6nnen.<\/p>\n<p data-start=\"973\" data-end=\"1179\">Angeboten im Format <strong data-start=\"991\" data-end=\"1003\">Longfill<\/strong> Container <strong data-start=\"1014\" data-end=\"1032\">20 ml Aromen<\/strong>, m\u00fcssen Sie nur noch hinzuf\u00fcgen zu <strong data-start=\"1067\" data-end=\"1084\">50 ml Base<\/strong> oder von <strong data-start=\"1091\" data-end=\"1102\">Booster<\/strong> um den Nikotingehalt entsprechend den Vorlieben Ihrer Kunden anzupassen.<\/p>\n<p data-start=\"1181\" data-end=\"1205\"><strong data-start=\"1181\" data-end=\"1203\">Merkmale :<\/strong><\/p>\n<ul data-start=\"1206\" data-end=\"1304\">\n<li data-start=\"1206\" data-end=\"1224\">Flasche: 75 ml<\/li>\n<li data-start=\"1225\" data-end=\"1252\">Konzentriertes Aroma: 20 ml<\/li>\n<li data-start=\"1253\" data-end=\"1266\">Basis: PG<\/li>\n<li data-start=\"1267\" data-end=\"1304\">Verpackung: Packung mit 6 Flaschen<\/li>\n<\/ul>\n<p><strong data-start=\"687\" data-end=\"700\">Aufmerksamkeit<\/strong>\u00a0: Es ist ein Aromenkonzentrat. Bitte verd\u00fcnnen Sie es mit\u00a0<strong data-start=\"762\" data-end=\"790\">mindestens 30 ml Base<\/strong>, vorzugsweise in\u00a0<strong data-start=\"809\" data-end=\"824\">30\/70 PG\/VG<\/strong>.<\/p>\n<p><strong data-start=\"231\" data-end=\"289\">Dieses Produkt wird nur in Packungen mit 6 Flaschen verkauft.<\/strong><br data-start=\"289\" data-end=\"292\" \/>Der angezeigte Preis entspricht einer Flasche (Einheit).<\/p>","protected":false},"excerpt":{"rendered":"<p data-start=\"1256\" data-end=\"1503\">Eine fesselnde Fusion aus klassischem hellem Tabak und w\u00fcrzigen Noten, inspiriert von den Aromen des Bayou. Perfekt f\u00fcr Liebhaber authentischer und bet\u00f6render Aromen des S\u00fcdens.<\/p>","protected":false},"featured_media":731,"template":"","meta":[],"product_brand":[55,57],"product_cat":[29,25],"product_tag":[],"class_list":{"0":"post-385","1":"product","2":"type-product","3":"status-publish","4":"has-post-thumbnail","6":"product_brand-blakrow","7":"product_brand-classic","8":"product_cat-longfill","9":"product_cat-sans-nicotine","11":"first","12":"instock","13":"featured","14":"taxable","15":"shipping-taxable","16":"purchasable","17":"product-type-simple"},"_links":{"self":[{"href":"https:\/\/baselab.ch\/de\/wp-json\/wp\/v2\/product\/385","targetHints":{"allow":["GET"]}}],"collection":[{"href":"https:\/\/baselab.ch\/de\/wp-json\/wp\/v2\/product"}],"about":[{"href":"https:\/\/baselab.ch\/de\/wp-json\/wp\/v2\/types\/product"}],"version-history":[{"count":2,"href":"https:\/\/baselab.ch\/de\/wp-json\/wp\/v2\/product\/385\/revisions"}],"predecessor-version":[{"id":895,"href":"https:\/\/baselab.ch\/de\/wp-json\/wp\/v2\/product\/385\/revisions\/895"}],"wp:featuredmedia":[{"embeddable":true,"href":"https:\/\/baselab.ch\/de\/wp-json\/wp\/v2\/media\/731"}],"wp:attachment":[{"href":"https:\/\/baselab.ch\/de\/wp-json\/wp\/v2\/media?parent=385"}],"wp:term":[{"taxonomy":"product_brand","embeddable":true,"href":"https:\/\/baselab.ch\/de\/wp-json\/wp\/v2\/product_brand?post=385"},{"taxonomy":"product_cat","embeddable":true,"href":"https:\/\/baselab.ch\/de\/wp-json\/wp\/v2\/product_cat?post=385"},{"taxonomy":"product_tag","embeddable":true,"href":"https:\/\/baselab.ch\/de\/wp-json\/wp\/v2\/product_tag?post=385"}],"curies":[{"name":"wp","href":"https:\/\/api.w.org\/{rel}","templated":true}]}}