
{"id":383,"date":"2025-03-10T12:49:29","date_gmt":"2025-03-10T12:49:29","guid":{"rendered":"https:\/\/baselab.ch\/?post_type=product&#038;p=383"},"modified":"2025-04-29T08:37:36","modified_gmt":"2025-04-29T08:37:36","slug":"classic-louisiana-6-pack","status":"publish","type":"product","link":"https:\/\/baselab.ch\/de\/boutique\/classic-louisiana-6-pack\/","title":{"rendered":"Classic Louisiana Longfill (6-Pack)"},"content":{"rendered":"<p data-start=\"91\" data-end=\"332\"><strong data-start=\"91\" data-end=\"123\">Klassisches Louisiana \u2013 Blackrow<\/strong><br data-start=\"123\" data-end=\"126\" \/>Lassen Sie Ihre Kunden die Essenz des amerikanischen S\u00fcdens erleben mit <strong data-start=\"198\" data-end=\"219\">Klassisches Louisiana<\/strong>, ein klassischer blonder Tabak mit bet\u00f6renden w\u00fcrzigen Noten, inspiriert von den einzigartigen Aromen von <strong data-start=\"322\" data-end=\"331\">Bayou<\/strong>.<\/p>\n<p data-start=\"334\" data-end=\"349\"><strong data-start=\"334\" data-end=\"347\">Geschmacksrichtungen:<\/strong><\/p>\n<ul data-start=\"350\" data-end=\"576\">\n<li data-start=\"350\" data-end=\"461\"><strong data-start=\"352\" data-end=\"389\">Klassisches Blond mit w\u00fcrzigen Noten<\/strong> : Eine fesselnde Fusion, die die Seele w\u00fcrziger Aromen des S\u00fcdens einf\u00e4ngt.<\/li>\n<li data-start=\"462\" data-end=\"576\"><strong data-start=\"464\" data-end=\"485\">Bayou-Atmosph\u00e4re<\/strong> : Ein olfaktorisches Erlebnis, das Sie in die warme und w\u00fcrzige Atmosph\u00e4re von <strong data-start=\"566\" data-end=\"575\">Bayou<\/strong>.<\/li>\n<\/ul>\n<p data-start=\"578\" data-end=\"894\"><strong data-start=\"578\" data-end=\"602\">Aromatische Symphonie<\/strong><br data-start=\"602\" data-end=\"605\" \/><strong data-start=\"605\" data-end=\"626\">Klassisches Louisiana<\/strong> von <strong data-start=\"630\" data-end=\"641\">BLAKROW<\/strong> ist eine Einladung zu einer Reise in das Herz der w\u00fcrzigen K\u00f6stlichkeiten des S\u00fcdens der USA. Diese Mischung aus klassischem hellem Tabak und bet\u00f6renden w\u00fcrzigen Noten wurde f\u00fcr Kenner geschaffen, die mit jedem Zug ein authentisches und fesselndes Erlebnis suchen.<\/p>\n<p data-start=\"896\" data-end=\"1101\">Angeboten im Format <strong data-start=\"914\" data-end=\"927\">Shortfill<\/strong> von <strong data-start=\"931\" data-end=\"940\">75 ml<\/strong>, mit <strong data-start=\"947\" data-end=\"980\">50 ml dampffertige Fl\u00fcssigkeit<\/strong>, addieren Sie einfach zu <strong data-start=\"1010\" data-end=\"1030\">20 ml Booster<\/strong> um den Nikotingehalt entsprechend den Vorlieben Ihrer Kunden anzupassen.<\/p>\n<p data-start=\"1103\" data-end=\"1127\"><strong data-start=\"1103\" data-end=\"1125\">Merkmale :<\/strong><\/p>\n<ul data-start=\"1128\" data-end=\"1249\">\n<li data-start=\"1128\" data-end=\"1146\">Flasche: 75 ml<\/li>\n<li data-start=\"1147\" data-end=\"1190\">Fassungsverm\u00f6gen der dampffertigen Fl\u00fcssigkeit: 50 ml<\/li>\n<li data-start=\"1191\" data-end=\"1211\">Basis: 50PG\/50VG<\/li>\n<li data-start=\"1212\" data-end=\"1249\">Verpackung: Packung mit 6 Flaschen<\/li>\n<\/ul>\n<p><strong data-start=\"231\" data-end=\"289\">Dieses Produkt wird nur in Packungen mit 6 Flaschen verkauft.<\/strong><br data-start=\"289\" data-end=\"292\" \/>Der angezeigte Preis entspricht einer Flasche (Einheit).<\/p>","protected":false},"excerpt":{"rendered":"<p data-start=\"1256\" data-end=\"1503\">Eine fesselnde Fusion aus klassischem hellem Tabak und w\u00fcrzigen Noten, inspiriert von den Aromen des Bayou. Perfekt f\u00fcr Liebhaber authentischer und bet\u00f6render Aromen des S\u00fcdens.<\/p>\n<p data-start=\"1256\" data-end=\"1503\"><strong data-start=\"231\" data-end=\"289\">Dieses Produkt wird nur in Packungen mit 6 Flaschen verkauft.<\/strong><br data-start=\"289\" data-end=\"292\" \/>Der angezeigte Preis entspricht einer Flasche (Einheit).<\/p>","protected":false},"featured_media":384,"template":"","meta":[],"product_brand":[55,57],"product_cat":[25,28],"product_tag":[],"class_list":{"0":"post-383","1":"product","2":"type-product","3":"status-publish","4":"has-post-thumbnail","6":"product_brand-blakrow","7":"product_brand-classic","8":"product_cat-sans-nicotine","9":"product_cat-shortfill","11":"first","12":"instock","13":"taxable","14":"shipping-taxable","15":"purchasable","16":"product-type-simple"},"_links":{"self":[{"href":"https:\/\/baselab.ch\/de\/wp-json\/wp\/v2\/product\/383","targetHints":{"allow":["GET"]}}],"collection":[{"href":"https:\/\/baselab.ch\/de\/wp-json\/wp\/v2\/product"}],"about":[{"href":"https:\/\/baselab.ch\/de\/wp-json\/wp\/v2\/types\/product"}],"version-history":[{"count":3,"href":"https:\/\/baselab.ch\/de\/wp-json\/wp\/v2\/product\/383\/revisions"}],"predecessor-version":[{"id":929,"href":"https:\/\/baselab.ch\/de\/wp-json\/wp\/v2\/product\/383\/revisions\/929"}],"wp:featuredmedia":[{"embeddable":true,"href":"https:\/\/baselab.ch\/de\/wp-json\/wp\/v2\/media\/384"}],"wp:attachment":[{"href":"https:\/\/baselab.ch\/de\/wp-json\/wp\/v2\/media?parent=383"}],"wp:term":[{"taxonomy":"product_brand","embeddable":true,"href":"https:\/\/baselab.ch\/de\/wp-json\/wp\/v2\/product_brand?post=383"},{"taxonomy":"product_cat","embeddable":true,"href":"https:\/\/baselab.ch\/de\/wp-json\/wp\/v2\/product_cat?post=383"},{"taxonomy":"product_tag","embeddable":true,"href":"https:\/\/baselab.ch\/de\/wp-json\/wp\/v2\/product_tag?post=383"}],"curies":[{"name":"wp","href":"https:\/\/api.w.org\/{rel}","templated":true}]}}