
{"id":382,"date":"2025-03-10T12:45:04","date_gmt":"2025-03-10T12:45:04","guid":{"rendered":"https:\/\/baselab.ch\/?post_type=product&#038;p=382"},"modified":"2025-04-29T08:37:40","modified_gmt":"2025-04-29T08:37:40","slug":"classic-maryland-longfill-6-pack","status":"publish","type":"product","link":"https:\/\/baselab.ch\/de\/boutique\/classic-maryland-longfill-6-pack\/","title":{"rendered":"Classic Maryland Longfill (6-Pack)"},"content":{"rendered":"<p data-start=\"81\" data-end=\"286\"><strong data-start=\"81\" data-end=\"112\">Klassisches Maryland \u2013 Blackrow<\/strong><br data-start=\"112\" data-end=\"115\" \/>Bieten Sie Ihren Kunden die Authentizit\u00e4t von <strong data-start=\"154\" data-end=\"176\">ger\u00f6steter blonder Tabak<\/strong> von <strong data-start=\"180\" data-end=\"192\">Maryland<\/strong>, ein reiches und zartes Aroma, das Liebhaber s\u00fc\u00dfer Aromen aus dem Norden der USA ansprechen wird.<\/p>\n<p data-start=\"288\" data-end=\"303\"><strong data-start=\"288\" data-end=\"301\">Geschmacksrichtungen:<\/strong><\/p>\n<ul data-start=\"304\" data-end=\"506\">\n<li data-start=\"304\" data-end=\"398\"><strong data-start=\"306\" data-end=\"333\">Maryland Blond Tabak<\/strong> : Eine aromatische F\u00fclle, die an weite Tabakfelder erinnert.<\/li>\n<li data-start=\"399\" data-end=\"506\"><strong data-start=\"401\" data-end=\"420\">N\u00f6rdliche S\u00fc\u00dfe<\/strong> : Ein dezent ger\u00f6stetes Erlebnis, perfekt f\u00fcr Gaumen, die S\u00fc\u00dfe suchen.<\/li>\n<\/ul>\n<p data-start=\"508\" data-end=\"827\"><strong data-start=\"508\" data-end=\"535\">Nordamerikanische S\u00fc\u00dfe<\/strong><br data-start=\"535\" data-end=\"538\" \/><strong data-start=\"538\" data-end=\"558\">Klassisches Maryland<\/strong> von <strong data-start=\"562\" data-end=\"573\">BLAKROW<\/strong> f\u00e4ngt die wahre Essenz von blondem Tabak ein <strong data-start=\"615\" data-end=\"627\">Maryland<\/strong>und bietet ein reibungsloses und raffiniertes Erlebnis. Jeder Zug versetzt Sie in die Landschaften der n\u00f6rdlichen Vereinigten Staaten, wo Tabak sorgf\u00e4ltig angebaut wird, um einen unvergleichlichen aromatischen Reichtum zu bieten.<\/p>\n<p data-start=\"829\" data-end=\"1037\">Angeboten im Format <strong data-start=\"847\" data-end=\"859\">Longfill<\/strong> von <strong data-start=\"863\" data-end=\"872\">75 ml<\/strong>, mit <strong data-start=\"879\" data-end=\"908\">20 ml konzentrierte Aromen<\/strong>, addieren Sie einfach zu <strong data-start=\"938\" data-end=\"966\">55 ml Base oder Booster<\/strong> um den Nikotingehalt entsprechend den Vorlieben Ihrer Kunden anzupassen.<\/p>\n<p data-start=\"1039\" data-end=\"1063\"><strong data-start=\"1039\" data-end=\"1061\">Merkmale :<\/strong><\/p>\n<ul data-start=\"1064\" data-end=\"1164\">\n<li data-start=\"1064\" data-end=\"1082\">Flasche: 75 ml<\/li>\n<li data-start=\"1083\" data-end=\"1110\">Konzentriertes Aroma: 20 ml<\/li>\n<li data-start=\"1111\" data-end=\"1124\">Basis: PG<\/li>\n<li data-start=\"1125\" data-end=\"1164\">Verpackung: Packung mit 6 Flaschen<\/li>\n<\/ul>\n<p><strong data-start=\"687\" data-end=\"700\">Aufmerksamkeit<\/strong>\u00a0: Es ist ein Aromenkonzentrat. Bitte verd\u00fcnnen Sie es mit\u00a0<strong data-start=\"762\" data-end=\"790\">mindestens 30 ml Base<\/strong>, vorzugsweise in\u00a0<strong data-start=\"809\" data-end=\"824\">30\/70 PG\/VG<\/strong>.<\/p>\n<p><strong data-start=\"231\" data-end=\"289\">Dieses Produkt wird nur in Packungen mit 6 Flaschen verkauft.<\/strong><br data-start=\"289\" data-end=\"292\" \/>Der angezeigte Preis entspricht einer Flasche (Einheit).<\/p>","protected":false},"excerpt":{"rendered":"<p>Ein sanftes und raffiniertes Erlebnis mit den Aromen von ger\u00f6stetem blondem Maryland-Tabak. Perfekt f\u00fcr alle, die einen authentischen, dezent ger\u00f6steten Geschmack suchen.<\/p>\n<p><strong data-start=\"231\" data-end=\"289\">Dieses Produkt wird nur in Packungen mit 6 Flaschen verkauft.<\/strong><br data-start=\"289\" data-end=\"292\" \/>Der angezeigte Preis entspricht einer Flasche (Einheit).<\/p>","protected":false},"featured_media":381,"template":"","meta":[],"product_brand":[55,57],"product_cat":[29,25],"product_tag":[],"class_list":{"0":"post-382","1":"product","2":"type-product","3":"status-publish","4":"has-post-thumbnail","6":"product_brand-blakrow","7":"product_brand-classic","8":"product_cat-longfill","9":"product_cat-sans-nicotine","11":"first","12":"instock","13":"featured","14":"taxable","15":"shipping-taxable","16":"purchasable","17":"product-type-simple"},"_links":{"self":[{"href":"https:\/\/baselab.ch\/de\/wp-json\/wp\/v2\/product\/382","targetHints":{"allow":["GET"]}}],"collection":[{"href":"https:\/\/baselab.ch\/de\/wp-json\/wp\/v2\/product"}],"about":[{"href":"https:\/\/baselab.ch\/de\/wp-json\/wp\/v2\/types\/product"}],"version-history":[{"count":2,"href":"https:\/\/baselab.ch\/de\/wp-json\/wp\/v2\/product\/382\/revisions"}],"predecessor-version":[{"id":896,"href":"https:\/\/baselab.ch\/de\/wp-json\/wp\/v2\/product\/382\/revisions\/896"}],"wp:featuredmedia":[{"embeddable":true,"href":"https:\/\/baselab.ch\/de\/wp-json\/wp\/v2\/media\/381"}],"wp:attachment":[{"href":"https:\/\/baselab.ch\/de\/wp-json\/wp\/v2\/media?parent=382"}],"wp:term":[{"taxonomy":"product_brand","embeddable":true,"href":"https:\/\/baselab.ch\/de\/wp-json\/wp\/v2\/product_brand?post=382"},{"taxonomy":"product_cat","embeddable":true,"href":"https:\/\/baselab.ch\/de\/wp-json\/wp\/v2\/product_cat?post=382"},{"taxonomy":"product_tag","embeddable":true,"href":"https:\/\/baselab.ch\/de\/wp-json\/wp\/v2\/product_tag?post=382"}],"curies":[{"name":"wp","href":"https:\/\/api.w.org\/{rel}","templated":true}]}}