
{"id":380,"date":"2025-03-10T12:43:52","date_gmt":"2025-03-10T12:43:52","guid":{"rendered":"https:\/\/baselab.ch\/?post_type=product&#038;p=380"},"modified":"2025-04-29T08:37:44","modified_gmt":"2025-04-29T08:37:44","slug":"380","status":"publish","type":"product","link":"https:\/\/baselab.ch\/de\/boutique\/380\/","title":{"rendered":"Classic Maryland Longfill (6-Pack)"},"content":{"rendered":"<p data-start=\"82\" data-end=\"287\"><strong data-start=\"82\" data-end=\"113\">Klassisches Maryland \u2013 Blackrow<\/strong><br data-start=\"113\" data-end=\"116\" \/>Bieten Sie Ihren Kunden die Authentizit\u00e4t von <strong data-start=\"155\" data-end=\"177\">ger\u00f6steter blonder Tabak<\/strong> von <strong data-start=\"181\" data-end=\"193\">Maryland<\/strong>, ein reiches und zartes Aroma, das Liebhaber s\u00fc\u00dfer Aromen aus dem Norden der USA ansprechen wird.<\/p>\n<p data-start=\"289\" data-end=\"304\"><strong data-start=\"289\" data-end=\"302\">Geschmacksrichtungen:<\/strong><\/p>\n<ul data-start=\"305\" data-end=\"507\">\n<li data-start=\"305\" data-end=\"399\"><strong data-start=\"307\" data-end=\"334\">Maryland Blond Tabak<\/strong> : Eine aromatische F\u00fclle, die an weite Tabakfelder erinnert.<\/li>\n<li data-start=\"400\" data-end=\"507\"><strong data-start=\"402\" data-end=\"421\">N\u00f6rdliche S\u00fc\u00dfe<\/strong> : Ein dezent ger\u00f6stetes Erlebnis, perfekt f\u00fcr Gaumen, die S\u00fc\u00dfe suchen.<\/li>\n<\/ul>\n<p data-start=\"509\" data-end=\"828\"><strong data-start=\"509\" data-end=\"536\">Nordamerikanische S\u00fc\u00dfe<\/strong><br data-start=\"536\" data-end=\"539\" \/><strong data-start=\"539\" data-end=\"559\">Klassisches Maryland<\/strong> von <strong data-start=\"563\" data-end=\"574\">BLAKROW<\/strong> f\u00e4ngt die wahre Essenz von blondem Tabak ein <strong data-start=\"616\" data-end=\"628\">Maryland<\/strong>und bietet ein reibungsloses und raffiniertes Erlebnis. Jeder Zug versetzt Sie in die Landschaften der n\u00f6rdlichen Vereinigten Staaten, wo Tabak sorgf\u00e4ltig angebaut wird, um einen unvergleichlichen aromatischen Reichtum zu bieten.<\/p>\n<p data-start=\"830\" data-end=\"1057\">Angeboten im Format <strong data-start=\"848\" data-end=\"861\">Shortfill<\/strong> von <strong data-start=\"865\" data-end=\"874\">75 ml<\/strong>, mit <strong data-start=\"881\" data-end=\"914\">50 ml dampffertige Fl\u00fcssigkeit<\/strong> in der Basis <strong data-start=\"923\" data-end=\"936\">50PG\/50VG<\/strong>, addieren Sie einfach zu <strong data-start=\"966\" data-end=\"986\">20 ml Booster<\/strong> um den Nikotingehalt entsprechend den Vorlieben Ihrer Kunden anzupassen.<\/p>\n<p data-start=\"1059\" data-end=\"1083\"><strong data-start=\"1059\" data-end=\"1081\">Merkmale :<\/strong><\/p>\n<ul data-start=\"1084\" data-end=\"1207\">\n<li data-start=\"1084\" data-end=\"1102\">Flasche: 75 ml<\/li>\n<li data-start=\"1103\" data-end=\"1146\">Fassungsverm\u00f6gen der dampffertigen Fl\u00fcssigkeit: 50 ml<\/li>\n<li data-start=\"1147\" data-end=\"1167\">Basis: 50PG\/50VG<\/li>\n<li data-start=\"1168\" data-end=\"1207\">Verpackung: Packung mit 6 Flaschen<\/li>\n<\/ul>\n<p><strong data-start=\"231\" data-end=\"289\">Dieses Produkt wird nur in Packungen mit 6 Flaschen verkauft.<\/strong><br data-start=\"289\" data-end=\"292\" \/>Der angezeigte Preis entspricht einer Flasche (Einheit).<\/p>","protected":false},"excerpt":{"rendered":"<p>Ein sanftes und raffiniertes Erlebnis mit den Aromen von ger\u00f6stetem blondem Maryland-Tabak. Perfekt f\u00fcr alle, die einen authentischen, dezent ger\u00f6steten Geschmack suchen.<\/p>\n<p><strong data-start=\"231\" data-end=\"289\">Dieses Produkt wird nur in Packungen mit 6 Flaschen verkauft.<\/strong><br data-start=\"289\" data-end=\"292\" \/>Der angezeigte Preis entspricht einer Flasche (Einheit).<\/p>","protected":false},"featured_media":381,"template":"","meta":[],"product_brand":[55,57],"product_cat":[25,28],"product_tag":[],"class_list":{"0":"post-380","1":"product","2":"type-product","3":"status-publish","4":"has-post-thumbnail","6":"product_brand-blakrow","7":"product_brand-classic","8":"product_cat-sans-nicotine","9":"product_cat-shortfill","11":"first","12":"instock","13":"taxable","14":"shipping-taxable","15":"purchasable","16":"product-type-simple"},"_links":{"self":[{"href":"https:\/\/baselab.ch\/de\/wp-json\/wp\/v2\/product\/380","targetHints":{"allow":["GET"]}}],"collection":[{"href":"https:\/\/baselab.ch\/de\/wp-json\/wp\/v2\/product"}],"about":[{"href":"https:\/\/baselab.ch\/de\/wp-json\/wp\/v2\/types\/product"}],"version-history":[{"count":3,"href":"https:\/\/baselab.ch\/de\/wp-json\/wp\/v2\/product\/380\/revisions"}],"predecessor-version":[{"id":930,"href":"https:\/\/baselab.ch\/de\/wp-json\/wp\/v2\/product\/380\/revisions\/930"}],"wp:featuredmedia":[{"embeddable":true,"href":"https:\/\/baselab.ch\/de\/wp-json\/wp\/v2\/media\/381"}],"wp:attachment":[{"href":"https:\/\/baselab.ch\/de\/wp-json\/wp\/v2\/media?parent=380"}],"wp:term":[{"taxonomy":"product_brand","embeddable":true,"href":"https:\/\/baselab.ch\/de\/wp-json\/wp\/v2\/product_brand?post=380"},{"taxonomy":"product_cat","embeddable":true,"href":"https:\/\/baselab.ch\/de\/wp-json\/wp\/v2\/product_cat?post=380"},{"taxonomy":"product_tag","embeddable":true,"href":"https:\/\/baselab.ch\/de\/wp-json\/wp\/v2\/product_tag?post=380"}],"curies":[{"name":"wp","href":"https:\/\/api.w.org\/{rel}","templated":true}]}}