
{"id":377,"date":"2025-03-10T12:37:23","date_gmt":"2025-03-10T12:37:23","guid":{"rendered":"https:\/\/baselab.ch\/?post_type=product&#038;p=377"},"modified":"2025-04-29T08:37:53","modified_gmt":"2025-04-29T08:37:53","slug":"classic-habana-6-pack","status":"publish","type":"product","link":"https:\/\/baselab.ch\/de\/boutique\/classic-habana-6-pack\/","title":{"rendered":"Klassische Habana (6-Pack)"},"content":{"rendered":"<p data-start=\"80\" data-end=\"299\"><strong data-start=\"80\" data-end=\"109\">Klassisches Habana \u2013 Blackrow<\/strong><br data-start=\"109\" data-end=\"112\" \/>Bieten Sie Ihren Kunden ein exklusives Erlebnis mit <strong data-start=\"162\" data-end=\"180\">Klassisches Habana<\/strong>, eine einzigartige Mischung, die die Essenz von Havanna-Zigarren einf\u00e4ngt, verfeinert durch eine leichte Note von Kaffee und Orange.<\/p>\n<p data-start=\"301\" data-end=\"316\"><strong data-start=\"301\" data-end=\"314\">Geschmacksrichtungen:<\/strong><\/p>\n<ul data-start=\"317\" data-end=\"516\">\n<li data-start=\"317\" data-end=\"379\"><strong data-start=\"319\" data-end=\"335\">Kubanischer Tabak<\/strong> : Die authentische Seele ber\u00fchmter Zigarren.<\/li>\n<li data-start=\"380\" data-end=\"441\"><strong data-start=\"382\" data-end=\"397\">Subtiler Kaffee<\/strong> : Eine leichte Note, um die Sinne zu wecken.<\/li>\n<li data-start=\"442\" data-end=\"516\"><strong data-start=\"444\" data-end=\"463\">Zarte Orange<\/strong> : Ein Hauch von Zitrus f\u00fcr perfekte Harmonie.<\/li>\n<\/ul>\n<p data-start=\"518\" data-end=\"794\"><strong data-start=\"518\" data-end=\"538\">Kubanische Eleganz<\/strong><br data-start=\"538\" data-end=\"541\" \/><strong data-start=\"541\" data-end=\"559\">Klassisches Habana<\/strong> von <strong data-start=\"563\" data-end=\"574\">BLAKROW<\/strong> bietet eine exquisite Fusion aus <strong data-start=\"605\" data-end=\"621\">Kubanischer Tabak<\/strong>, von <strong data-start=\"626\" data-end=\"641\">dezenter Kaffee<\/strong> und von<strong data-start=\"647\" data-end=\"666\">zarte Orange<\/strong>. Lassen Sie sich entf\u00fchren in die elegante Atmosph\u00e4re von Zigarillos aus <strong data-start=\"738\" data-end=\"751\">Havanna<\/strong> mit jedem Zug dieser raffinierten Mischung.<\/p>\n<p data-start=\"796\" data-end=\"1019\">Angeboten im Format <strong data-start=\"814\" data-end=\"827\">Shortfill<\/strong> von <strong data-start=\"831\" data-end=\"840\">75 ml<\/strong>, mit <strong data-start=\"847\" data-end=\"898\">50 ml dampffertige Fl\u00fcssigkeit in 50PG\/50VG-Basis<\/strong>, addieren Sie einfach zu <strong data-start=\"928\" data-end=\"948\">20 ml Booster<\/strong> um den Nikotingehalt entsprechend den Vorlieben Ihrer Kunden anzupassen.<\/p>\n<p data-start=\"1021\" data-end=\"1045\"><strong data-start=\"1021\" data-end=\"1043\">Merkmale :<\/strong><\/p>\n<ul data-start=\"1046\" data-end=\"1169\">\n<li data-start=\"1046\" data-end=\"1064\">Flasche: 75 ml<\/li>\n<li data-start=\"1065\" data-end=\"1108\">Fassungsverm\u00f6gen der dampffertigen Fl\u00fcssigkeit: 50 ml<\/li>\n<li data-start=\"1109\" data-end=\"1129\">Basis: 50PG\/50VG<\/li>\n<li data-start=\"1130\" data-end=\"1169\">Verpackung: Packung mit 6 Flaschen<\/li>\n<\/ul>\n<p><strong data-start=\"231\" data-end=\"289\">Dieses Produkt wird nur in Packungen mit 6 Flaschen verkauft.<\/strong><br data-start=\"289\" data-end=\"292\" \/>Der angezeigte Preis entspricht einer Flasche (Einheit).<\/p>","protected":false},"excerpt":{"rendered":"<div class=\"flex max-w-full flex-col flex-grow\">\n<div class=\"min-h-8 text-message relative flex w-full flex-col items-end gap-2 whitespace-normal break-words text-start [.text-message+&amp;]:mt-5\" dir=\"auto\" data-message-author-role=\"assistant\" data-message-id=\"53c707be-5669-4f6b-82bc-fd904b24af95\" data-message-model-slug=\"gpt-4o-mini\">\n<div class=\"flex w-full flex-col gap-1 empty:hidden first:pt-[3px]\">\n<div class=\"markdown prose w-full break-words dark:prose-invert light\">\n<p data-start=\"0\" data-end=\"182\" data-is-only-node=\"\" data-is-last-node=\"\">D\u00e9couvrez une exp\u00e9rience raffin\u00e9e avec Classic Habana, un m\u00e9lange \u00e9l\u00e9gant de tabac cubain authentique, de caf\u00e9 d\u00e9licat et d\u2019une touche d\u2019orange fra\u00eeche. Une symphonie de saveurs qui capture l\u2019essence des cigares de La Havane, parfaite pour vos clients \u00e0 la recherche d&#8217;une exp\u00e9rience unique et sophistiqu\u00e9e.<\/p>\n<p data-start=\"0\" data-end=\"182\" data-is-only-node=\"\" data-is-last-node=\"\"><strong data-start=\"231\" data-end=\"289\">Ce produit est vendu uniquement par pack de 6 flacons.<\/strong><br data-start=\"289\" data-end=\"292\" \/>Le prix affich\u00e9 correspond \u00e0 un flacon (unit\u00e9).<\/p>\n<\/div>\n<\/div>\n<\/div>\n<\/div>\n","protected":false},"featured_media":378,"template":"","meta":[],"product_brand":[55,57],"product_cat":[25,28],"product_tag":[],"class_list":{"0":"post-377","1":"product","2":"type-product","3":"status-publish","4":"has-post-thumbnail","6":"product_brand-blakrow","7":"product_brand-classic","8":"product_cat-sans-nicotine","9":"product_cat-shortfill","11":"first","12":"instock","13":"taxable","14":"shipping-taxable","15":"purchasable","16":"product-type-simple"},"_links":{"self":[{"href":"https:\/\/baselab.ch\/de\/wp-json\/wp\/v2\/product\/377","targetHints":{"allow":["GET"]}}],"collection":[{"href":"https:\/\/baselab.ch\/de\/wp-json\/wp\/v2\/product"}],"about":[{"href":"https:\/\/baselab.ch\/de\/wp-json\/wp\/v2\/types\/product"}],"version-history":[{"count":3,"href":"https:\/\/baselab.ch\/de\/wp-json\/wp\/v2\/product\/377\/revisions"}],"predecessor-version":[{"id":931,"href":"https:\/\/baselab.ch\/de\/wp-json\/wp\/v2\/product\/377\/revisions\/931"}],"wp:featuredmedia":[{"embeddable":true,"href":"https:\/\/baselab.ch\/de\/wp-json\/wp\/v2\/media\/378"}],"wp:attachment":[{"href":"https:\/\/baselab.ch\/de\/wp-json\/wp\/v2\/media?parent=377"}],"wp:term":[{"taxonomy":"product_brand","embeddable":true,"href":"https:\/\/baselab.ch\/de\/wp-json\/wp\/v2\/product_brand?post=377"},{"taxonomy":"product_cat","embeddable":true,"href":"https:\/\/baselab.ch\/de\/wp-json\/wp\/v2\/product_cat?post=377"},{"taxonomy":"product_tag","embeddable":true,"href":"https:\/\/baselab.ch\/de\/wp-json\/wp\/v2\/product_tag?post=377"}],"curies":[{"name":"wp","href":"https:\/\/api.w.org\/{rel}","templated":true}]}}