
{"id":237,"date":"2024-12-14T11:07:11","date_gmt":"2024-12-14T11:07:11","guid":{"rendered":"https:\/\/baselab.ch\/?post_type=product&#038;p=237"},"modified":"2025-05-06T14:36:18","modified_gmt":"2025-05-06T14:36:18","slug":"pack-decouverte-ice-tea-blarow","status":"publish","type":"product","link":"https:\/\/baselab.ch\/de\/boutique\/pack-decouverte-ice-tea-blarow\/","title":{"rendered":"BLAROW Eistee-Entdeckungspaket"},"content":{"rendered":"","protected":false},"excerpt":{"rendered":"<p>Entdecken Sie die Auswahl an BLAKROW-Eistees, die den Geschmack des ber\u00fchmten orangefarbenen Riesen nachahmen.<\/p>\n<p>Mit diesem Entdeckungspaket, das frisch oder nicht frisch sowie in den Versionen 50 ml Shortfill und 20 ml Longfill erh\u00e4ltlich ist, k\u00f6nnen Sie Ihren Kunden dieses legend\u00e4re Sortiment vorstellen.<\/p>\n<p>Unser Angebot umfasst:<\/p>\n<ul>\n<li>96 Longfill- und Shortfill-Flaschen (6 St\u00fcck von jeder Referenz)<\/li>\n<li>1 Shortfill von jeder Geschmacksrichtung (insgesamt 4) f\u00fcr Ihre Verkostungen<\/li>\n<li>60 Booster 20mg\/ml Nic von der Marke Vapor Flavour<\/li>\n<li>40 Booster 20mg\/ml Nic Salte der Marke Vapor Flavour<\/li>\n<\/ul>\n<p><strong><span style=\"color: #ff0000;\">AUFMERKSAMKEIT!<\/span> F\u00fcr dieses Produkt f\u00e4llt eine zus\u00e4tzliche Steuer von 20 Cent an. pro Milliliter (40 CHF pro Packung mit 20 Flaschen).<br \/>\n<\/strong>Dies ist im Preis dieses Pakets enthalten.<\/p>","protected":false},"featured_media":238,"template":"","meta":[],"product_brand":[55],"product_cat":[26,29,24,25,28],"product_tag":[36,40,33,34],"class_list":{"0":"post-237","1":"product","2":"type-product","3":"status-publish","4":"has-post-thumbnail","6":"product_brand-blakrow","7":"product_cat-boosters","8":"product_cat-longfill","9":"product_cat-nicotine","10":"product_cat-sans-nicotine","11":"product_cat-shortfill","12":"product_tag-blakrow","13":"product_tag-ice-tea","14":"product_tag-nic-base","15":"product_tag-nic-salt","17":"first","18":"instock","19":"sale","20":"sold-individually","21":"taxable","22":"shipping-taxable","23":"purchasable","24":"product-type-simple"},"_links":{"self":[{"href":"https:\/\/baselab.ch\/de\/wp-json\/wp\/v2\/product\/237","targetHints":{"allow":["GET"]}}],"collection":[{"href":"https:\/\/baselab.ch\/de\/wp-json\/wp\/v2\/product"}],"about":[{"href":"https:\/\/baselab.ch\/de\/wp-json\/wp\/v2\/types\/product"}],"version-history":[{"count":2,"href":"https:\/\/baselab.ch\/de\/wp-json\/wp\/v2\/product\/237\/revisions"}],"predecessor-version":[{"id":578,"href":"https:\/\/baselab.ch\/de\/wp-json\/wp\/v2\/product\/237\/revisions\/578"}],"wp:featuredmedia":[{"embeddable":true,"href":"https:\/\/baselab.ch\/de\/wp-json\/wp\/v2\/media\/238"}],"wp:attachment":[{"href":"https:\/\/baselab.ch\/de\/wp-json\/wp\/v2\/media?parent=237"}],"wp:term":[{"taxonomy":"product_brand","embeddable":true,"href":"https:\/\/baselab.ch\/de\/wp-json\/wp\/v2\/product_brand?post=237"},{"taxonomy":"product_cat","embeddable":true,"href":"https:\/\/baselab.ch\/de\/wp-json\/wp\/v2\/product_cat?post=237"},{"taxonomy":"product_tag","embeddable":true,"href":"https:\/\/baselab.ch\/de\/wp-json\/wp\/v2\/product_tag?post=237"}],"curies":[{"name":"wp","href":"https:\/\/api.w.org\/{rel}","templated":true}]}}