
{"id":220,"date":"2024-12-12T08:08:15","date_gmt":"2024-12-12T08:08:15","guid":{"rendered":"https:\/\/baselab.ch\/?post_type=product&#038;p=220"},"modified":"2025-04-29T08:38:22","modified_gmt":"2025-04-29T08:38:22","slug":"watermelon-ice-tea-iced-longfill","status":"publish","type":"product","link":"https:\/\/baselab.ch\/de\/boutique\/watermelon-ice-tea-iced-longfill\/","title":{"rendered":"Wassermelonen-Eistee ICED Longfill (6-Pack)"},"content":{"rendered":"<p data-start=\"55\" data-end=\"353\"><strong data-start=\"55\" data-end=\"90\">Eistee mit Wassermelone \u2013 Blackrow<\/strong><br data-start=\"90\" data-end=\"93\" \/>Bieten Sie Ihren Kunden einen authentischen Geschmack mit der ICED Watermelon-Version des ber\u00fchmten <strong data-start=\"172\" data-end=\"185\">Eistee<\/strong>, erneut besucht von <strong data-start=\"200\" data-end=\"212\">Blackrow<\/strong>. Dieses Aromenkonzentrat l\u00e4sst Sie die ganze Frische und Intensit\u00e4t dieses legend\u00e4ren Eistees neu entdecken, mit einer erfrischenden Eisnote.<\/p>\n<p data-start=\"355\" data-end=\"558\">Angeboten im Format <strong data-start=\"373\" data-end=\"385\">Longfill<\/strong> Container <strong data-start=\"396\" data-end=\"414\">20 ml Aromen<\/strong>, erm\u00f6glicht es Ihnen, den Nikotingehalt einfach anzupassen, indem Sie bis zu <strong data-start=\"487\" data-end=\"518\">50 ml Booster oder Base<\/strong> entsprechend den Benutzereinstellungen.<\/p>\n<p data-start=\"560\" data-end=\"584\"><strong data-start=\"560\" data-end=\"582\">Merkmale :<\/strong><\/p>\n<ul data-start=\"585\" data-end=\"685\">\n<li data-start=\"585\" data-end=\"603\">Flasche: 75 ml<\/li>\n<li data-start=\"604\" data-end=\"631\">Konzentriertes Aroma: 20 ml<\/li>\n<li data-start=\"632\" data-end=\"645\">Basis: PG<\/li>\n<li data-start=\"646\" data-end=\"685\">Verpackung: Packung mit 6 Flaschen<\/li>\n<\/ul>\n<p data-start=\"687\" data-end=\"825\"><strong data-start=\"687\" data-end=\"700\">Aufmerksamkeit<\/strong> : Es ist ein Aromenkonzentrat. Bitte verd\u00fcnnen Sie es mit <strong data-start=\"762\" data-end=\"790\">mindestens 30 ml Base<\/strong>, vorzugsweise in <strong data-start=\"809\" data-end=\"824\">30\/70 PG\/VG<\/strong>.<\/p>\n<p data-start=\"687\" data-end=\"825\"><strong data-start=\"231\" data-end=\"289\">Dieses Produkt wird nur in Packungen mit 6 Flaschen verkauft.<\/strong><br data-start=\"289\" data-end=\"292\" \/>Der angezeigte Preis entspricht einer Flasche (Einheit).<\/p>","protected":false},"excerpt":{"rendered":"<p><strong data-start=\"55\" data-end=\"164\">Entdecken Sie den authentischen Geschmack des legend\u00e4ren Eistees mit einem Hauch erfrischender, eisgek\u00fchlter Wassermelone neu.<\/strong> Ein Aromenkonzentrat zum Verd\u00fcnnen, das ein einzigartiges und k\u00f6stliches Geschmackserlebnis bietet, ideal f\u00fcr Ihre Kunden, die intensive Frische und eisgek\u00fchlten Genuss suchen.<\/p>\n<p><strong data-start=\"231\" data-end=\"289\">Dieses Produkt wird nur in Packungen mit 6 Flaschen verkauft.<\/strong><br data-start=\"289\" data-end=\"292\" \/>Der angezeigte Preis entspricht einer Flasche (Einheit).<\/p>","protected":false},"featured_media":752,"template":"","meta":[],"product_brand":[55,56],"product_cat":[29,25],"product_tag":[36,40,35],"class_list":{"0":"post-220","1":"product","2":"type-product","3":"status-publish","4":"has-post-thumbnail","6":"product_brand-blakrow","7":"product_brand-v-twin","8":"product_cat-longfill","9":"product_cat-sans-nicotine","10":"product_tag-blakrow","11":"product_tag-ice-tea","12":"product_tag-no-nic","14":"first","15":"instock","16":"taxable","17":"shipping-taxable","18":"purchasable","19":"product-type-simple"},"_links":{"self":[{"href":"https:\/\/baselab.ch\/de\/wp-json\/wp\/v2\/product\/220","targetHints":{"allow":["GET"]}}],"collection":[{"href":"https:\/\/baselab.ch\/de\/wp-json\/wp\/v2\/product"}],"about":[{"href":"https:\/\/baselab.ch\/de\/wp-json\/wp\/v2\/types\/product"}],"version-history":[{"count":4,"href":"https:\/\/baselab.ch\/de\/wp-json\/wp\/v2\/product\/220\/revisions"}],"predecessor-version":[{"id":909,"href":"https:\/\/baselab.ch\/de\/wp-json\/wp\/v2\/product\/220\/revisions\/909"}],"wp:featuredmedia":[{"embeddable":true,"href":"https:\/\/baselab.ch\/de\/wp-json\/wp\/v2\/media\/752"}],"wp:attachment":[{"href":"https:\/\/baselab.ch\/de\/wp-json\/wp\/v2\/media?parent=220"}],"wp:term":[{"taxonomy":"product_brand","embeddable":true,"href":"https:\/\/baselab.ch\/de\/wp-json\/wp\/v2\/product_brand?post=220"},{"taxonomy":"product_cat","embeddable":true,"href":"https:\/\/baselab.ch\/de\/wp-json\/wp\/v2\/product_cat?post=220"},{"taxonomy":"product_tag","embeddable":true,"href":"https:\/\/baselab.ch\/de\/wp-json\/wp\/v2\/product_tag?post=220"}],"curies":[{"name":"wp","href":"https:\/\/api.w.org\/{rel}","templated":true}]}}