
{"id":218,"date":"2024-12-12T08:07:16","date_gmt":"2024-12-12T08:07:16","guid":{"rendered":"https:\/\/baselab.ch\/?post_type=product&#038;p=218"},"modified":"2025-04-29T08:38:26","modified_gmt":"2025-04-29T08:38:26","slug":"watermelon-ice-tea-longfill","status":"publish","type":"product","link":"https:\/\/baselab.ch\/de\/boutique\/watermelon-ice-tea-longfill\/","title":{"rendered":"Wassermelonen-Eistee Longfill (6-Pack)"},"content":{"rendered":"<p data-start=\"48\" data-end=\"300\"><strong data-start=\"48\" data-end=\"78\">Wassermelonen-Eistee \u2013 Blackrow<\/strong><br data-start=\"78\" data-end=\"81\" \/>Bieten Sie Ihren Kunden einen authentischen Geschmack mit der Version <strong data-start=\"48\" data-end=\"78\">Wassermelone<\/strong> des ber\u00fchmten <strong data-start=\"155\" data-end=\"168\">Eistee<\/strong>, erneut besucht von\u00a0<strong data-start=\"183\" data-end=\"195\">Blackrow<\/strong>. Dieses Aromenkonzentrat l\u00e4sst Sie die ganze Frische und Intensit\u00e4t dieses legend\u00e4ren Eistees neu entdecken.<\/p>\n<p data-start=\"302\" data-end=\"505\">Angeboten im Format\u00a0<strong data-start=\"320\" data-end=\"332\">Longfill<\/strong>\u00a0Container\u00a0<strong data-start=\"343\" data-end=\"361\">20 ml Aromen<\/strong>, erm\u00f6glicht es Ihnen, den Nikotingehalt einfach anzupassen, indem Sie bis zu\u00a0<strong data-start=\"434\" data-end=\"465\">50 ml Booster oder Base<\/strong>\u00a0entsprechend den Benutzereinstellungen.<\/p>\n<p><strong>Merkmale :<\/strong><\/p>\n<ul>\n<li><strong>Flasche:<\/strong> 75 ml<\/li>\n<li><strong>Konzentriertes Aroma:<\/strong> 20 ml<\/li>\n<li><strong>Basis:<\/strong> PG<\/li>\n<li><strong>Verpackung<\/strong>: Packung mit 6 Flaschen<\/li>\n<\/ul>\n<blockquote><p><strong>Aufmerksamkeit<\/strong> : Es ist ein Aromenkonzentrat. Bitte verd\u00fcnnen Sie es mit <strong data-start=\"136\" data-end=\"164\">mindestens 30 ml Base<\/strong>, vorzugsweise in <strong data-start=\"183\" data-end=\"198\">30\/70 PG\/VG<\/strong>.<\/p>\n<p><strong data-start=\"231\" data-end=\"289\">Dieses Produkt wird nur in Packungen mit 6 Flaschen verkauft.<\/strong><br data-start=\"289\" data-end=\"292\" \/>Der angezeigte Preis entspricht einer Flasche (Einheit).<\/p><\/blockquote>","protected":false},"excerpt":{"rendered":"<p><strong data-start=\"90\" data-end=\"189\">Entdecken Sie den authentischen Geschmack des legend\u00e4ren Eistees mit einer erfrischenden Note Wassermelone neu.<\/strong> Ein Aromenkonzentrat zum Verd\u00fcnnen, das ein einzigartiges und k\u00f6stliches Geschmackserlebnis bietet, ideal f\u00fcr Ihre Kunden, die auf der Suche nach Frische und Genuss sind.<\/p>\n<p><strong data-start=\"231\" data-end=\"289\">Dieses Produkt wird nur in Packungen mit 6 Flaschen verkauft.<\/strong><br data-start=\"289\" data-end=\"292\" \/>Der angezeigte Preis entspricht einer Flasche (Einheit).<\/p>","protected":false},"featured_media":751,"template":"","meta":[],"product_brand":[55,56],"product_cat":[29,25],"product_tag":[36,40,35],"class_list":{"0":"post-218","1":"product","2":"type-product","3":"status-publish","4":"has-post-thumbnail","6":"product_brand-blakrow","7":"product_brand-v-twin","8":"product_cat-longfill","9":"product_cat-sans-nicotine","10":"product_tag-blakrow","11":"product_tag-ice-tea","12":"product_tag-no-nic","14":"first","15":"instock","16":"taxable","17":"shipping-taxable","18":"purchasable","19":"product-type-simple"},"_links":{"self":[{"href":"https:\/\/baselab.ch\/de\/wp-json\/wp\/v2\/product\/218","targetHints":{"allow":["GET"]}}],"collection":[{"href":"https:\/\/baselab.ch\/de\/wp-json\/wp\/v2\/product"}],"about":[{"href":"https:\/\/baselab.ch\/de\/wp-json\/wp\/v2\/types\/product"}],"version-history":[{"count":4,"href":"https:\/\/baselab.ch\/de\/wp-json\/wp\/v2\/product\/218\/revisions"}],"predecessor-version":[{"id":908,"href":"https:\/\/baselab.ch\/de\/wp-json\/wp\/v2\/product\/218\/revisions\/908"}],"wp:featuredmedia":[{"embeddable":true,"href":"https:\/\/baselab.ch\/de\/wp-json\/wp\/v2\/media\/751"}],"wp:attachment":[{"href":"https:\/\/baselab.ch\/de\/wp-json\/wp\/v2\/media?parent=218"}],"wp:term":[{"taxonomy":"product_brand","embeddable":true,"href":"https:\/\/baselab.ch\/de\/wp-json\/wp\/v2\/product_brand?post=218"},{"taxonomy":"product_cat","embeddable":true,"href":"https:\/\/baselab.ch\/de\/wp-json\/wp\/v2\/product_cat?post=218"},{"taxonomy":"product_tag","embeddable":true,"href":"https:\/\/baselab.ch\/de\/wp-json\/wp\/v2\/product_tag?post=218"}],"curies":[{"name":"wp","href":"https:\/\/api.w.org\/{rel}","templated":true}]}}