
{"id":204,"date":"2024-12-12T08:00:30","date_gmt":"2024-12-12T08:00:30","guid":{"rendered":"https:\/\/baselab.ch\/?post_type=product&#038;p=204"},"modified":"2025-04-29T08:38:56","modified_gmt":"2025-04-29T08:38:56","slug":"blackcurrant-ice-tea-iced","status":"publish","type":"product","link":"https:\/\/baselab.ch\/de\/boutique\/blackcurrant-ice-tea-iced\/","title":{"rendered":"Eistee mit schwarzer Johannisbeere (6-Pack)"},"content":{"rendered":"<p data-start=\"57\" data-end=\"368\"><strong data-start=\"57\" data-end=\"92\">Eistee mit schwarzen Johannisbeeren \u2013 Blakrow<\/strong><br data-start=\"92\" data-end=\"95\" \/>Bieten Sie Ihren Kunden einen authentischen Geschmack mit der Cassis ICED-Version des ber\u00fchmten <strong data-start=\"174\" data-end=\"187\">Eistee<\/strong>, erneut besucht von <strong data-start=\"202\" data-end=\"214\">Blackrow<\/strong>. Mit diesem Shortfill k\u00f6nnen Sie die ganze Frische und Intensit\u00e4t dieses legend\u00e4ren Eistees neu entdecken, mit einer eisigen und erfrischenden Note, gebrauchsfertig.<\/p>\n<p data-start=\"370\" data-end=\"576\">Angeboten im Format <strong data-start=\"388\" data-end=\"397\">75 ml<\/strong>, mit <strong data-start=\"404\" data-end=\"437\">50 ml dampffertige Fl\u00fcssigkeit<\/strong> in 50PG\/50VG-Basis, addieren Sie einfach zu <strong data-start=\"485\" data-end=\"505\">20 ml Booster<\/strong> um den Nikotingehalt entsprechend den Vorlieben Ihrer Kunden anzupassen.<\/p>\n<p data-start=\"578\" data-end=\"602\"><strong data-start=\"578\" data-end=\"600\">Merkmale :<\/strong><\/p>\n<ul data-start=\"603\" data-end=\"726\">\n<li data-start=\"603\" data-end=\"621\">Flasche: 75 ml<\/li>\n<li data-start=\"622\" data-end=\"665\">Fassungsverm\u00f6gen der dampffertigen Fl\u00fcssigkeit: 50 ml<\/li>\n<li data-start=\"666\" data-end=\"686\">Basis: 50PG\/50VG<\/li>\n<li data-start=\"687\" data-end=\"726\">Verpackung: Packung mit 6 Flaschen<\/li>\n<\/ul>\n<p><strong data-start=\"231\" data-end=\"289\">Dieses Produkt wird nur in Packungen mit 6 Flaschen verkauft.<\/strong><br data-start=\"289\" data-end=\"292\" \/>Der angezeigte Preis entspricht einer Flasche (Einheit).<\/p>","protected":false},"excerpt":{"rendered":"<p><strong data-start=\"55\" data-end=\"164\">Entdecken Sie den authentischen Geschmack des legend\u00e4ren Eistees mit einer erfrischenden Note schwarzer Johannisbeere neu.<\/strong> Dieser dampffertige Shortfill bietet ein einzigartiges und k\u00f6stliches Geschmackserlebnis, ideal f\u00fcr Ihre Kunden, die auf der Suche nach Frische sind.<\/p>\n<p><strong data-start=\"231\" data-end=\"289\">Dieses Produkt wird nur in Packungen mit 6 Flaschen verkauft.<\/strong><br data-start=\"289\" data-end=\"292\" \/>Der angezeigte Preis entspricht einer Flasche (Einheit).<\/p>","protected":false},"featured_media":745,"template":"","meta":[],"product_brand":[55,56],"product_cat":[25,28],"product_tag":[36,40,35],"class_list":{"0":"post-204","1":"product","2":"type-product","3":"status-publish","4":"has-post-thumbnail","6":"product_brand-blakrow","7":"product_brand-v-twin","8":"product_cat-sans-nicotine","9":"product_cat-shortfill","10":"product_tag-blakrow","11":"product_tag-ice-tea","12":"product_tag-no-nic","14":"first","15":"instock","16":"taxable","17":"shipping-taxable","18":"purchasable","19":"product-type-simple"},"_links":{"self":[{"href":"https:\/\/baselab.ch\/de\/wp-json\/wp\/v2\/product\/204","targetHints":{"allow":["GET"]}}],"collection":[{"href":"https:\/\/baselab.ch\/de\/wp-json\/wp\/v2\/product"}],"about":[{"href":"https:\/\/baselab.ch\/de\/wp-json\/wp\/v2\/types\/product"}],"version-history":[{"count":3,"href":"https:\/\/baselab.ch\/de\/wp-json\/wp\/v2\/product\/204\/revisions"}],"predecessor-version":[{"id":934,"href":"https:\/\/baselab.ch\/de\/wp-json\/wp\/v2\/product\/204\/revisions\/934"}],"wp:featuredmedia":[{"embeddable":true,"href":"https:\/\/baselab.ch\/de\/wp-json\/wp\/v2\/media\/745"}],"wp:attachment":[{"href":"https:\/\/baselab.ch\/de\/wp-json\/wp\/v2\/media?parent=204"}],"wp:term":[{"taxonomy":"product_brand","embeddable":true,"href":"https:\/\/baselab.ch\/de\/wp-json\/wp\/v2\/product_brand?post=204"},{"taxonomy":"product_cat","embeddable":true,"href":"https:\/\/baselab.ch\/de\/wp-json\/wp\/v2\/product_cat?post=204"},{"taxonomy":"product_tag","embeddable":true,"href":"https:\/\/baselab.ch\/de\/wp-json\/wp\/v2\/product_tag?post=204"}],"curies":[{"name":"wp","href":"https:\/\/api.w.org\/{rel}","templated":true}]}}