
{"id":200,"date":"2024-12-12T07:58:24","date_gmt":"2024-12-12T07:58:24","guid":{"rendered":"https:\/\/baselab.ch\/?post_type=product&#038;p=200"},"modified":"2025-04-29T08:39:05","modified_gmt":"2025-04-29T08:39:05","slug":"lemon-ice-tea","status":"publish","type":"product","link":"https:\/\/baselab.ch\/de\/boutique\/lemon-ice-tea\/","title":{"rendered":"Zitronen-Eistee (6-Pack)"},"content":{"rendered":"<p data-start=\"120\" data-end=\"380\"><strong data-start=\"120\" data-end=\"150\">Blackrow Zitronen-Eistee<\/strong><br data-start=\"150\" data-end=\"153\" \/>Bieten Sie Ihren Kunden einen authentischen Geschmack mit der Zitronenversion des ber\u00fchmten <strong data-start=\"227\" data-end=\"240\">Eistee<\/strong>, erneut besucht von <strong data-start=\"255\" data-end=\"267\">Blackrow<\/strong>. Mit diesem Shortfill k\u00f6nnen Sie die ganze Frische und Intensit\u00e4t dieses legend\u00e4ren Eistees gebrauchsfertig neu entdecken.<\/p>\n<p data-start=\"382\" data-end=\"588\">Angeboten im Format <strong data-start=\"400\" data-end=\"409\">75 ml<\/strong>, mit <strong data-start=\"416\" data-end=\"449\">50 ml dampffertige Fl\u00fcssigkeit<\/strong> in 50PG\/50VG-Basis, addieren Sie einfach zu <strong data-start=\"497\" data-end=\"517\">20 ml Booster<\/strong> um den Nikotingehalt entsprechend den Vorlieben Ihrer Kunden anzupassen.<\/p>\n<p data-start=\"590\" data-end=\"614\"><strong data-start=\"590\" data-end=\"612\">Merkmale :<\/strong><\/p>\n<ul data-start=\"615\" data-end=\"738\">\n<li data-start=\"615\" data-end=\"633\">Flasche: 75 ml<\/li>\n<li data-start=\"634\" data-end=\"677\">Fassungsverm\u00f6gen: 50 ml<\/li>\n<li data-start=\"678\" data-end=\"698\">Basis: 50PG\/50VG<\/li>\n<li data-start=\"699\" data-end=\"738\">Verpackung: Packung mit 6 Flaschen<\/li>\n<\/ul>\n<p><strong data-start=\"231\" data-end=\"289\">Dieses Produkt wird nur in Packungen mit 6 Flaschen verkauft.<\/strong><br data-start=\"289\" data-end=\"292\" \/>Der angezeigte Preis entspricht einer Flasche (Einheit).<\/p>","protected":false},"excerpt":{"rendered":"<p><strong data-start=\"55\" data-end=\"164\">Entdecken Sie den authentischen Geschmack des legend\u00e4ren Eistees mit einer erfrischenden Zitronennote neu.<\/strong> Dieser dampffertige Shortfill bietet ein einzigartiges und k\u00f6stliches Geschmackserlebnis, ideal f\u00fcr Ihre Kunden, die auf der Suche nach Frische sind.<\/p>\n<p><strong data-start=\"231\" data-end=\"289\">Dieses Produkt wird nur in Packungen mit 6 Flaschen verkauft.<\/strong><br data-start=\"289\" data-end=\"292\" \/>Der angezeigte Preis entspricht einer Flasche (Einheit).<\/p>","protected":false},"featured_media":743,"template":"","meta":[],"product_brand":[55,56],"product_cat":[25,28],"product_tag":[36,40,35],"class_list":{"0":"post-200","1":"product","2":"type-product","3":"status-publish","4":"has-post-thumbnail","6":"product_brand-blakrow","7":"product_brand-v-twin","8":"product_cat-sans-nicotine","9":"product_cat-shortfill","10":"product_tag-blakrow","11":"product_tag-ice-tea","12":"product_tag-no-nic","14":"first","15":"instock","16":"taxable","17":"shipping-taxable","18":"purchasable","19":"product-type-simple"},"_links":{"self":[{"href":"https:\/\/baselab.ch\/de\/wp-json\/wp\/v2\/product\/200","targetHints":{"allow":["GET"]}}],"collection":[{"href":"https:\/\/baselab.ch\/de\/wp-json\/wp\/v2\/product"}],"about":[{"href":"https:\/\/baselab.ch\/de\/wp-json\/wp\/v2\/types\/product"}],"version-history":[{"count":3,"href":"https:\/\/baselab.ch\/de\/wp-json\/wp\/v2\/product\/200\/revisions"}],"predecessor-version":[{"id":936,"href":"https:\/\/baselab.ch\/de\/wp-json\/wp\/v2\/product\/200\/revisions\/936"}],"wp:featuredmedia":[{"embeddable":true,"href":"https:\/\/baselab.ch\/de\/wp-json\/wp\/v2\/media\/743"}],"wp:attachment":[{"href":"https:\/\/baselab.ch\/de\/wp-json\/wp\/v2\/media?parent=200"}],"wp:term":[{"taxonomy":"product_brand","embeddable":true,"href":"https:\/\/baselab.ch\/de\/wp-json\/wp\/v2\/product_brand?post=200"},{"taxonomy":"product_cat","embeddable":true,"href":"https:\/\/baselab.ch\/de\/wp-json\/wp\/v2\/product_cat?post=200"},{"taxonomy":"product_tag","embeddable":true,"href":"https:\/\/baselab.ch\/de\/wp-json\/wp\/v2\/product_tag?post=200"}],"curies":[{"name":"wp","href":"https:\/\/api.w.org\/{rel}","templated":true}]}}