
{"id":1777,"date":"2025-11-11T09:27:45","date_gmt":"2025-11-11T09:27:45","guid":{"rendered":"https:\/\/baselab.ch\/?post_type=product&#038;p=1777"},"modified":"2025-11-15T09:25:40","modified_gmt":"2025-11-15T09:25:40","slug":"crunchy-tabacco-6-pack","status":"publish","type":"product","link":"https:\/\/baselab.ch\/de\/boutique\/crunchy-tabacco-6-pack\/","title":{"rendered":"Crunchy Tobacco (6 Pack)"},"content":{"rendered":"<h5>Crunchy Tobacco par Blakrow<\/h5>\n<p>Plus un gourmand qu&#8217;un tabac, le crunchy tobacco est un mix subtile ou le cot\u00e9 biscuit fa\u00e7on Crackers am\u00e9ricain et un tabac l\u00e9ger pour relever le tout. une nouveaut\u00e9 dans la gamme BLAKROW qui honore la tradition des gourmands de la marque.<\/p>\n<h5>Geschmacksrichtungen<\/h5>\n<ul>\n<li>Crackers: petit biscuit \u00e0 l&#8217;am\u00e9ricaine avec un soup\u00e7on de canelle.<\/li>\n<li>Tabac: un tabac l\u00e9ger et toast\u00e9 qui rel\u00e8ve les saveurs.<\/li>\n<\/ul>\n<p data-start=\"382\" data-end=\"588\">Angeboten im Format <strong data-start=\"400\" data-end=\"409\">75 ml<\/strong>, mit <strong data-start=\"416\" data-end=\"449\">50 ml dampffertige Fl\u00fcssigkeit<\/strong> in 50PG\/50VG-Basis, addieren Sie einfach zu <strong data-start=\"497\" data-end=\"517\">20 ml Booster<\/strong> um den Nikotingehalt entsprechend den Vorlieben Ihrer Kunden anzupassen.<\/p>\n<p data-start=\"590\" data-end=\"614\"><strong data-start=\"590\" data-end=\"612\">Merkmale :<\/strong><\/p>\n<ul data-start=\"615\" data-end=\"738\">\n<li data-start=\"615\" data-end=\"633\">Flasche: 75 ml<\/li>\n<li data-start=\"634\" data-end=\"677\">Fassungsverm\u00f6gen: 50 ml<\/li>\n<li data-start=\"678\" data-end=\"698\">Basis: 50PG\/50VG<\/li>\n<li data-start=\"699\" data-end=\"738\">Verpackung: Packung mit 6 Flaschen<\/li>\n<\/ul>\n<p><strong data-start=\"231\" data-end=\"289\">Dieses Produkt wird nur in Packungen mit 6 Flaschen verkauft.<\/strong><br data-start=\"289\" data-end=\"292\" \/>Der angezeigte Preis entspricht einer Flasche (Einheit).<\/p>","protected":false},"excerpt":{"rendered":"<h5>Crunchy Tobacco par Blakrow, un Tabac gourmand dans la lign\u00e9e des best sellers de BLAKROW<\/h5>\n<p>Plus un gourmand qu&#8217;un tabac, le crunchy tobacco est un mix subtile ou le cot\u00e9 biscuit fa\u00e7on Crackers am\u00e9ricain et un tabac l\u00e9ger pour relever le tout. une nouveaut\u00e9 dans la gamme BLAKROW qui honore la tradition des gourmands de la marque.<\/p>\n<p><strong data-start=\"231\" data-end=\"289\">Dieses Produkt wird nur in Packungen mit 6 Flaschen verkauft.<\/strong><br data-start=\"289\" data-end=\"292\" \/>Der angezeigte Preis entspricht einer Flasche (Einheit).<\/p>","protected":false},"featured_media":1779,"template":"","meta":[],"product_brand":[55,56],"product_cat":[25,28],"product_tag":[36,87,85,89,35],"class_list":{"0":"post-1777","1":"product","2":"type-product","3":"status-publish","4":"has-post-thumbnail","6":"product_brand-blakrow","7":"product_brand-v-twin","8":"product_cat-sans-nicotine","9":"product_cat-shortfill","10":"product_tag-blakrow","11":"product_tag-custard","12":"product_tag-gourmand","13":"product_tag-marrons","14":"product_tag-no-nic","16":"first","17":"instock","18":"featured","19":"taxable","20":"shipping-taxable","21":"purchasable","22":"product-type-simple"},"_links":{"self":[{"href":"https:\/\/baselab.ch\/de\/wp-json\/wp\/v2\/product\/1777","targetHints":{"allow":["GET"]}}],"collection":[{"href":"https:\/\/baselab.ch\/de\/wp-json\/wp\/v2\/product"}],"about":[{"href":"https:\/\/baselab.ch\/de\/wp-json\/wp\/v2\/types\/product"}],"version-history":[{"count":2,"href":"https:\/\/baselab.ch\/de\/wp-json\/wp\/v2\/product\/1777\/revisions"}],"predecessor-version":[{"id":1782,"href":"https:\/\/baselab.ch\/de\/wp-json\/wp\/v2\/product\/1777\/revisions\/1782"}],"wp:featuredmedia":[{"embeddable":true,"href":"https:\/\/baselab.ch\/de\/wp-json\/wp\/v2\/media\/1779"}],"wp:attachment":[{"href":"https:\/\/baselab.ch\/de\/wp-json\/wp\/v2\/media?parent=1777"}],"wp:term":[{"taxonomy":"product_brand","embeddable":true,"href":"https:\/\/baselab.ch\/de\/wp-json\/wp\/v2\/product_brand?post=1777"},{"taxonomy":"product_cat","embeddable":true,"href":"https:\/\/baselab.ch\/de\/wp-json\/wp\/v2\/product_cat?post=1777"},{"taxonomy":"product_tag","embeddable":true,"href":"https:\/\/baselab.ch\/de\/wp-json\/wp\/v2\/product_tag?post=1777"}],"curies":[{"name":"wp","href":"https:\/\/api.w.org\/{rel}","templated":true}]}}