
{"id":1771,"date":"2025-11-11T09:14:13","date_gmt":"2025-11-11T09:14:13","guid":{"rendered":"https:\/\/baselab.ch\/?post_type=product&#038;p=1771"},"modified":"2025-11-15T09:25:44","modified_gmt":"2025-11-15T09:25:44","slug":"big-balls-6-pack","status":"publish","type":"product","link":"https:\/\/baselab.ch\/de\/boutique\/big-balls-6-pack\/","title":{"rendered":"Big Balls (6 Pack)"},"content":{"rendered":"<h5>Big Balls par Blakrow<\/h5>\n<p>Un Banger de longue date de chez BLAKROW avec un custard cr\u00e8meux agr\u00e9ment\u00e9 d&#8217;une noix de p\u00e9can suculante pour les fans de la vanille gourmande.<\/p>\n<h5>Geschmacksrichtungen<\/h5>\n<ul>\n<li>Custard : Une cr\u00e8me Anglaise cr\u00e8meuse et vanill\u00e9e.<\/li>\n<li>Noix de P\u00e9can: Le go\u00fbt inimitable et l\u00e9g\u00e8rement grill\u00e9 de la noix de p\u00e9can.<\/li>\n<\/ul>\n<p data-start=\"382\" data-end=\"588\">Angeboten im Format <strong data-start=\"400\" data-end=\"409\">75 ml<\/strong>, mit <strong data-start=\"416\" data-end=\"449\">50 ml dampffertige Fl\u00fcssigkeit<\/strong> in 50PG\/50VG-Basis, addieren Sie einfach zu <strong data-start=\"497\" data-end=\"517\">20 ml Booster<\/strong> um den Nikotingehalt entsprechend den Vorlieben Ihrer Kunden anzupassen.<\/p>\n<p data-start=\"590\" data-end=\"614\"><strong data-start=\"590\" data-end=\"612\">Merkmale :<\/strong><\/p>\n<ul data-start=\"615\" data-end=\"738\">\n<li data-start=\"615\" data-end=\"633\">Flasche: 75 ml<\/li>\n<li data-start=\"634\" data-end=\"677\">Fassungsverm\u00f6gen: 50 ml<\/li>\n<li data-start=\"678\" data-end=\"698\">Basis: 50PG\/50VG<\/li>\n<li data-start=\"699\" data-end=\"738\">Verpackung: Packung mit 6 Flaschen<\/li>\n<\/ul>\n<p><strong data-start=\"231\" data-end=\"289\">Dieses Produkt wird nur in Packungen mit 6 Flaschen verkauft.<\/strong><br data-start=\"289\" data-end=\"292\" \/>Der angezeigte Preis entspricht einer Flasche (Einheit).<\/p>","protected":false},"excerpt":{"rendered":"<h5>Big Balls par Blakrow, un Custard \u00e0 la noix de p\u00e9can gourmand \u00e0 souhait.<\/h5>\n<p>Un Banger de longue date de chez BLAKROW avec un custard cr\u00e8meux agr\u00e9ment\u00e9 d&#8217;une noix de p\u00e9can suculante pour les fans de la vanille gourmande.<\/p>\n<p><strong data-start=\"231\" data-end=\"289\">Dieses Produkt wird nur in Packungen mit 6 Flaschen verkauft.<\/strong><br data-start=\"289\" data-end=\"292\" \/>Der angezeigte Preis entspricht einer Flasche (Einheit).<\/p>","protected":false},"featured_media":1788,"template":"","meta":[],"product_brand":[55,56],"product_cat":[25,28],"product_tag":[36,87,85,88,35],"class_list":{"0":"post-1771","1":"product","2":"type-product","3":"status-publish","4":"has-post-thumbnail","6":"product_brand-blakrow","7":"product_brand-v-twin","8":"product_cat-sans-nicotine","9":"product_cat-shortfill","10":"product_tag-blakrow","11":"product_tag-custard","12":"product_tag-gourmand","13":"product_tag-pecan","14":"product_tag-no-nic","16":"first","17":"instock","18":"featured","19":"taxable","20":"shipping-taxable","21":"purchasable","22":"product-type-simple"},"_links":{"self":[{"href":"https:\/\/baselab.ch\/de\/wp-json\/wp\/v2\/product\/1771","targetHints":{"allow":["GET"]}}],"collection":[{"href":"https:\/\/baselab.ch\/de\/wp-json\/wp\/v2\/product"}],"about":[{"href":"https:\/\/baselab.ch\/de\/wp-json\/wp\/v2\/types\/product"}],"version-history":[{"count":2,"href":"https:\/\/baselab.ch\/de\/wp-json\/wp\/v2\/product\/1771\/revisions"}],"predecessor-version":[{"id":1787,"href":"https:\/\/baselab.ch\/de\/wp-json\/wp\/v2\/product\/1771\/revisions\/1787"}],"wp:featuredmedia":[{"embeddable":true,"href":"https:\/\/baselab.ch\/de\/wp-json\/wp\/v2\/media\/1788"}],"wp:attachment":[{"href":"https:\/\/baselab.ch\/de\/wp-json\/wp\/v2\/media?parent=1771"}],"wp:term":[{"taxonomy":"product_brand","embeddable":true,"href":"https:\/\/baselab.ch\/de\/wp-json\/wp\/v2\/product_brand?post=1771"},{"taxonomy":"product_cat","embeddable":true,"href":"https:\/\/baselab.ch\/de\/wp-json\/wp\/v2\/product_cat?post=1771"},{"taxonomy":"product_tag","embeddable":true,"href":"https:\/\/baselab.ch\/de\/wp-json\/wp\/v2\/product_tag?post=1771"}],"curies":[{"name":"wp","href":"https:\/\/api.w.org\/{rel}","templated":true}]}}