
{"id":1767,"date":"2025-11-11T09:02:11","date_gmt":"2025-11-11T09:02:11","guid":{"rendered":"https:\/\/baselab.ch\/?post_type=product&#038;p=1767"},"modified":"2025-11-11T09:11:01","modified_gmt":"2025-11-11T09:11:01","slug":"petit-biscuit-6-pack","status":"publish","type":"product","link":"https:\/\/baselab.ch\/de\/boutique\/petit-biscuit-6-pack\/","title":{"rendered":"Petit Biscuit (6 Pack)"},"content":{"rendered":"<h5>Petit Biscuit &#8211; par Vapor Sed<\/h5>\n<p>D\u00e9couvrez le Petit Biscuit une l\u00e9gende de la vape suisse cr\u00e9\u00e9 par Vapor Sed et r\u00e9\u00e9dit\u00e9 par BLAKROW. Mieux qu&#8217;un petit beurre, un gout afirm\u00e9 de biscuit vanill\u00e9 \u00e0 souhait pour les aficionados de gourmands.<\/p>\n<h5>Geschmacksrichtungen<\/h5>\n<ul>\n<li>Petit beurre : Le go\u00fbt authentique des go\u00fbt\u00e9s de notre enfance.<\/li>\n<\/ul>\n<p data-start=\"382\" data-end=\"588\">Angeboten im Format <strong data-start=\"400\" data-end=\"409\">75 ml<\/strong>, mit <strong data-start=\"416\" data-end=\"449\">50 ml dampffertige Fl\u00fcssigkeit<\/strong> en base 30PG\/70VG, il suffit d\u2019ajouter jusqu\u2019\u00e0 <strong data-start=\"497\" data-end=\"517\">20 ml Booster<\/strong> um den Nikotingehalt entsprechend den Vorlieben Ihrer Kunden anzupassen.<\/p>\n<p data-start=\"590\" data-end=\"614\"><strong data-start=\"590\" data-end=\"612\">Merkmale :<\/strong><\/p>\n<ul data-start=\"615\" data-end=\"738\">\n<li data-start=\"615\" data-end=\"633\">Flasche: 75 ml<\/li>\n<li data-start=\"634\" data-end=\"677\">Fassungsverm\u00f6gen: 50 ml<\/li>\n<li data-start=\"678\" data-end=\"698\">Base : 30PG\/70VG<\/li>\n<li data-start=\"699\" data-end=\"738\">Verpackung: Packung mit 6 Flaschen<\/li>\n<\/ul>\n<p><strong data-start=\"231\" data-end=\"289\">Dieses Produkt wird nur in Packungen mit 6 Flaschen verkauft.<\/strong><br data-start=\"289\" data-end=\"292\" \/>Der angezeigte Preis entspricht einer Flasche (Einheit).<\/p>","protected":false},"excerpt":{"rendered":"<h5>Petit Biscuit &#8211; par Vapor Sed<\/h5>\n<p>D\u00e9couvrez le Petit Biscuit une l\u00e9gende de la vape suisse cr\u00e9\u00e9 par Vapor Sed et r\u00e9\u00e9dit\u00e9 par BLAKROW. Mieux qu&#8217;un petit beurre, un gout afirm\u00e9 de biscuit vanill\u00e9 \u00e0 souhait pour les aficionados de gourmands.<\/p>\n<p><strong data-start=\"231\" data-end=\"289\">Dieses Produkt wird nur in Packungen mit 6 Flaschen verkauft.<\/strong><br data-start=\"289\" data-end=\"292\" \/>Der angezeigte Preis entspricht einer Flasche (Einheit).<\/p>","protected":false},"featured_media":1768,"template":"","meta":[],"product_brand":[55,56],"product_cat":[25,28],"product_tag":[86,36,85,35],"class_list":{"0":"post-1767","1":"product","2":"type-product","3":"status-publish","4":"has-post-thumbnail","6":"product_brand-blakrow","7":"product_brand-v-twin","8":"product_cat-sans-nicotine","9":"product_cat-shortfill","10":"product_tag-biscuit","11":"product_tag-blakrow","12":"product_tag-gourmand","13":"product_tag-no-nic","15":"first","16":"instock","17":"taxable","18":"shipping-taxable","19":"purchasable","20":"product-type-simple"},"_links":{"self":[{"href":"https:\/\/baselab.ch\/de\/wp-json\/wp\/v2\/product\/1767","targetHints":{"allow":["GET"]}}],"collection":[{"href":"https:\/\/baselab.ch\/de\/wp-json\/wp\/v2\/product"}],"about":[{"href":"https:\/\/baselab.ch\/de\/wp-json\/wp\/v2\/types\/product"}],"version-history":[{"count":1,"href":"https:\/\/baselab.ch\/de\/wp-json\/wp\/v2\/product\/1767\/revisions"}],"predecessor-version":[{"id":1769,"href":"https:\/\/baselab.ch\/de\/wp-json\/wp\/v2\/product\/1767\/revisions\/1769"}],"wp:featuredmedia":[{"embeddable":true,"href":"https:\/\/baselab.ch\/de\/wp-json\/wp\/v2\/media\/1768"}],"wp:attachment":[{"href":"https:\/\/baselab.ch\/de\/wp-json\/wp\/v2\/media?parent=1767"}],"wp:term":[{"taxonomy":"product_brand","embeddable":true,"href":"https:\/\/baselab.ch\/de\/wp-json\/wp\/v2\/product_brand?post=1767"},{"taxonomy":"product_cat","embeddable":true,"href":"https:\/\/baselab.ch\/de\/wp-json\/wp\/v2\/product_cat?post=1767"},{"taxonomy":"product_tag","embeddable":true,"href":"https:\/\/baselab.ch\/de\/wp-json\/wp\/v2\/product_tag?post=1767"}],"curies":[{"name":"wp","href":"https:\/\/api.w.org\/{rel}","templated":true}]}}