
{"id":1038,"date":"2025-04-17T13:53:03","date_gmt":"2025-04-17T13:53:03","guid":{"rendered":"https:\/\/baselab.ch\/?post_type=product&#038;p=1038"},"modified":"2026-01-28T15:23:22","modified_gmt":"2026-01-28T15:23:22","slug":"cyber-bear-100ml-5-pack-suisse","status":"publish","type":"product","link":"https:\/\/baselab.ch\/de\/boutique\/cyber-bear-100ml-5-pack-suisse\/","title":{"rendered":"Cyber Bear 100ml (5er Schweizer Packung)"},"content":{"rendered":"<h5>Cyber Bear \u2013 SIDE CUT<\/h5>\n<p>F\u00fcr Fans von fruchtigen Aromen mit intensivem Geschmack kreiert, das Sortiment <strong>Cyber<\/strong> von <strong>SIDE CUT <\/strong>ist der perfekte Saft f\u00fcr den Sommer.<\/p>\n<p>Sein intensiver Ice-Gummy-Bear-Geschmack mit k\u00fchlendem Effekt bei jedem Zug wird Sie \u00fcberraschen und an die ber\u00fchmten Kaugummis in B\u00e4renform erinnern.<\/p>\n<p data-start=\"382\" data-end=\"588\">Angeboten im Format <strong data-start=\"400\" data-end=\"409\">120 ml<\/strong>, mit <strong data-start=\"416\" data-end=\"449\">100 ml dampffertige Fl\u00fcssigkeit<\/strong> in 50PG\/50VG-Basis, addieren Sie einfach zu <strong data-start=\"497\" data-end=\"517\">20 ml Booster<\/strong> um den Nikotingehalt entsprechend den Vorlieben Ihrer Kunden anzupassen.<\/p>\n<p data-start=\"590\" data-end=\"614\"><strong data-start=\"590\" data-end=\"612\">Merkmale :<\/strong><\/p>\n<ul data-start=\"615\" data-end=\"738\">\n<li data-start=\"615\" data-end=\"633\">Flasche: 120 ml<\/li>\n<li data-start=\"634\" data-end=\"677\">Fassungsverm\u00f6gen: 100 ml<\/li>\n<li data-start=\"678\" data-end=\"698\">Basis: 50PG\/50VG<\/li>\n<li data-start=\"699\" data-end=\"738\">Verpackung: Packung mit 5 Flaschen<\/li>\n<\/ul>\n<p><strong data-start=\"231\" data-end=\"289\">Dieses Produkt wird nur in Packungen mit 5 Flaschen verkauft.<\/strong><br data-start=\"289\" data-end=\"292\" \/>Der angezeigte Preis entspricht einer Flasche (Einheit).<\/p>","protected":false},"excerpt":{"rendered":"<p>Entdecken Sie die Marke SIDE CUT des Saftherstellers BLAKROW und ihr Fruity Fresh im 100-ml-Format mit dem Geschmack von Fresh Tangy Gummy Bear.<\/p>\n<p><strong data-start=\"231\" data-end=\"289\">Dieses Produkt wird nur in Packungen mit 5 Flaschen verkauft.<\/strong><br data-start=\"289\" data-end=\"292\" \/>Der angezeigte Preis entspricht einer Flasche (Einheit).<\/p>","protected":false},"featured_media":1036,"template":"","meta":[],"product_brand":[72],"product_cat":[25,28],"product_tag":[36,40,35,73],"class_list":{"0":"post-1038","1":"product","2":"type-product","3":"status-publish","4":"has-post-thumbnail","6":"product_brand-side-cut","7":"product_cat-sans-nicotine","8":"product_cat-shortfill","9":"product_tag-blakrow","10":"product_tag-ice-tea","11":"product_tag-no-nic","12":"product_tag-side-cut","14":"first","15":"instock","16":"featured","17":"taxable","18":"shipping-taxable","19":"purchasable","20":"product-type-simple"},"_links":{"self":[{"href":"https:\/\/baselab.ch\/de\/wp-json\/wp\/v2\/product\/1038","targetHints":{"allow":["GET"]}}],"collection":[{"href":"https:\/\/baselab.ch\/de\/wp-json\/wp\/v2\/product"}],"about":[{"href":"https:\/\/baselab.ch\/de\/wp-json\/wp\/v2\/types\/product"}],"version-history":[{"count":2,"href":"https:\/\/baselab.ch\/de\/wp-json\/wp\/v2\/product\/1038\/revisions"}],"predecessor-version":[{"id":1045,"href":"https:\/\/baselab.ch\/de\/wp-json\/wp\/v2\/product\/1038\/revisions\/1045"}],"wp:featuredmedia":[{"embeddable":true,"href":"https:\/\/baselab.ch\/de\/wp-json\/wp\/v2\/media\/1036"}],"wp:attachment":[{"href":"https:\/\/baselab.ch\/de\/wp-json\/wp\/v2\/media?parent=1038"}],"wp:term":[{"taxonomy":"product_brand","embeddable":true,"href":"https:\/\/baselab.ch\/de\/wp-json\/wp\/v2\/product_brand?post=1038"},{"taxonomy":"product_cat","embeddable":true,"href":"https:\/\/baselab.ch\/de\/wp-json\/wp\/v2\/product_cat?post=1038"},{"taxonomy":"product_tag","embeddable":true,"href":"https:\/\/baselab.ch\/de\/wp-json\/wp\/v2\/product_tag?post=1038"}],"curies":[{"name":"wp","href":"https:\/\/api.w.org\/{rel}","templated":true}]}}