
{"id":269,"date":"2024-12-16T13:58:00","date_gmt":"2024-12-16T13:58:00","guid":{"rendered":"https:\/\/baselab.ch\/?page_id=269"},"modified":"2025-04-24T07:49:06","modified_gmt":"2025-04-24T07:49:06","slug":"nos-services","status":"publish","type":"page","link":"https:\/\/baselab.ch\/de\/nos-services\/","title":{"rendered":"Unsere Leistungen"},"content":{"rendered":"<div data-elementor-type=\"wp-page\" data-elementor-id=\"269\" class=\"elementor elementor-269\" data-elementor-post-type=\"page\">\n\t\t\t\t<div class=\"elementor-element elementor-element-c2f6de6 e-flex e-con-boxed e-con e-parent\" data-id=\"c2f6de6\" data-element_type=\"container\" data-e-type=\"container\">\n\t\t\t\t\t<div class=\"e-con-inner\">\n\t\t\t\t<div class=\"elementor-element elementor-element-3681fb9 elementor-widget elementor-widget-heading\" data-id=\"3681fb9\" data-element_type=\"widget\" data-e-type=\"widget\" data-widget_type=\"heading.default\">\n\t\t\t\t\t<h2 class=\"elementor-heading-title elementor-size-default\">Unsere Leistungen<\/h2>\t\t\t\t<\/div>\n\t\t\t\t<div class=\"elementor-element elementor-element-33b1556 elementor-widget elementor-widget-spacer\" data-id=\"33b1556\" data-element_type=\"widget\" data-e-type=\"widget\" data-widget_type=\"spacer.default\">\n\t\t\t\t\t\t\t<div class=\"elementor-spacer\">\n\t\t\t<div class=\"elementor-spacer-inner\"><\/div>\n\t\t<\/div>\n\t\t\t\t\t\t<\/div>\n\t\t\t\t\t<\/div>\n\t\t\t\t<\/div>\n\t\t<div class=\"elementor-element elementor-element-8129389 e-flex e-con-boxed e-con e-parent\" data-id=\"8129389\" data-element_type=\"container\" data-e-type=\"container\" data-settings=\"{&quot;background_background&quot;:&quot;classic&quot;}\">\n\t\t\t\t\t<div class=\"e-con-inner\">\n\t\t\t\t<div class=\"elementor-element elementor-element-5530eed elementor-widget elementor-widget-heading\" data-id=\"5530eed\" data-element_type=\"widget\" data-e-type=\"widget\" data-widget_type=\"heading.default\">\n\t\t\t\t\t<h3 class=\"elementor-heading-title elementor-size-default\">Verteilung<\/h3>\t\t\t\t<\/div>\n\t\t\t\t<div class=\"elementor-element elementor-element-f36f2dd elementor-widget elementor-widget-text-editor\" data-id=\"f36f2dd\" data-element_type=\"widget\" data-e-type=\"widget\" data-widget_type=\"text-editor.default\">\n\t\t\t\t\t\t\t\t\t<p><a href=\"https:\/\/baselab.ch\/wp-content\/uploads\/2025\/03\/Photoroom-20250304_114612.png\"><img fetchpriority=\"high\" decoding=\"async\" class=\"wp-image-454 alignright\" src=\"https:\/\/baselab.ch\/wp-content\/uploads\/2025\/03\/Photoroom-20250304_114612-300x138.png\" alt=\"\" width=\"350\" height=\"160\" srcset=\"https:\/\/baselab.ch\/wp-content\/uploads\/2025\/03\/Photoroom-20250304_114612-300x138.png 300w, https:\/\/baselab.ch\/wp-content\/uploads\/2025\/03\/Photoroom-20250304_114612-1024x472.png 1024w, https:\/\/baselab.ch\/wp-content\/uploads\/2025\/03\/Photoroom-20250304_114612-768x354.png 768w, https:\/\/baselab.ch\/wp-content\/uploads\/2025\/03\/Photoroom-20250304_114612-18x8.png 18w, https:\/\/baselab.ch\/wp-content\/uploads\/2025\/03\/Photoroom-20250304_114612.png 1505w\" sizes=\"(max-width: 350px) 100vw, 350px\" \/><\/a>Als f\u00fchrender Hersteller und Vertreiber in der E-Zigarettenbranche ist es unser Ziel, Vertriebsdienste anzubieten, die nicht nur zuverl\u00e4ssig, sondern auch effizient sind. Unser erfahrenes Team k\u00fcmmert sich sorgf\u00e4ltig um die Lagerung, Verpackung und den Versand der Bestellungen und stellt sicher, dass die Produkte aus unserem Katalog in einwandfreiem Zustand an ihrem Bestimmungsort ankommen.<br \/>Wir halten uns strikt an alle geltenden Schweizer Vorschriften und gew\u00e4hrleisten so nicht nur die Sicherheit unserer Kunden, sondern auch eine einwandfreie Qualit\u00e4t.<\/p>\t\t\t\t\t\t\t\t<\/div>\n\t\t\t\t\t<\/div>\n\t\t\t\t<\/div>\n\t\t<div class=\"elementor-element elementor-element-1391cab e-flex e-con-boxed e-con e-parent\" data-id=\"1391cab\" data-element_type=\"container\" data-e-type=\"container\" data-settings=\"{&quot;background_background&quot;:&quot;classic&quot;}\">\n\t\t\t\t\t<div class=\"e-con-inner\">\n\t\t\t\t<div class=\"elementor-element elementor-element-6254af2 elementor-widget elementor-widget-spacer\" data-id=\"6254af2\" data-element_type=\"widget\" data-e-type=\"widget\" data-widget_type=\"spacer.default\">\n\t\t\t\t\t\t\t<div class=\"elementor-spacer\">\n\t\t\t<div class=\"elementor-spacer-inner\"><\/div>\n\t\t<\/div>\n\t\t\t\t\t\t<\/div>\n\t\t\t\t<div class=\"elementor-element elementor-element-7eeb415 elementor-widget elementor-widget-heading\" data-id=\"7eeb415\" data-element_type=\"widget\" data-e-type=\"widget\" data-widget_type=\"heading.default\">\n\t\t\t\t\t<h3 class=\"elementor-heading-title elementor-size-default\">Import<\/h3>\t\t\t\t<\/div>\n\t\t\t\t<div class=\"elementor-element elementor-element-d60f2f7 elementor-widget elementor-widget-text-editor\" data-id=\"d60f2f7\" data-element_type=\"widget\" data-e-type=\"widget\" data-widget_type=\"text-editor.default\">\n\t\t\t\t\t\t\t\t\t<p><a href=\"https:\/\/baselab.ch\/wp-content\/uploads\/2025\/04\/fv2j-ak0acs.jpg\"><img decoding=\"async\" class=\"alignright wp-image-1145\" src=\"https:\/\/baselab.ch\/wp-content\/uploads\/2025\/04\/fv2j-ak0acs-500x328.jpg\" alt=\"Administration, Import Vape\" width=\"200\" height=\"131\" srcset=\"https:\/\/baselab.ch\/wp-content\/uploads\/2025\/04\/fv2j-ak0acs-500x328.jpg 500w, https:\/\/baselab.ch\/wp-content\/uploads\/2025\/04\/fv2j-ak0acs-1024x671.jpg 1024w, https:\/\/baselab.ch\/wp-content\/uploads\/2025\/04\/fv2j-ak0acs-768x504.jpg 768w, https:\/\/baselab.ch\/wp-content\/uploads\/2025\/04\/fv2j-ak0acs-1536x1007.jpg 1536w, https:\/\/baselab.ch\/wp-content\/uploads\/2025\/04\/fv2j-ak0acs-18x12.jpg 18w, https:\/\/baselab.ch\/wp-content\/uploads\/2025\/04\/fv2j-ak0acs-600x393.jpg 600w, https:\/\/baselab.ch\/wp-content\/uploads\/2025\/04\/fv2j-ak0acs.jpg 1600w\" sizes=\"(max-width: 200px) 100vw, 200px\" \/><\/a>Unsere Importdienstleistungen bieten Ihnen umfassendes Fachwissen, um die Schweizer Vorschriften erfolgreich zu meistern und die Einfuhr Ihrer Produkte zu erleichtern, damit diese reibungslos vermarktet werden k\u00f6nnen.<\/p>\t\t\t\t\t\t\t\t<\/div>\n\t\t\t\t<div class=\"elementor-element elementor-element-34d27c2 elementor-widget elementor-widget-spacer\" data-id=\"34d27c2\" data-element_type=\"widget\" data-e-type=\"widget\" data-widget_type=\"spacer.default\">\n\t\t\t\t\t\t\t<div class=\"elementor-spacer\">\n\t\t\t<div class=\"elementor-spacer-inner\"><\/div>\n\t\t<\/div>\n\t\t\t\t\t\t<\/div>\n\t\t\t\t\t<\/div>\n\t\t\t\t<\/div>\n\t\t<div class=\"elementor-element elementor-element-bcabbe1 e-flex e-con-boxed e-con e-parent\" data-id=\"bcabbe1\" data-element_type=\"container\" data-e-type=\"container\" data-settings=\"{&quot;background_background&quot;:&quot;classic&quot;}\">\n\t\t\t\t\t<div class=\"e-con-inner\">\n\t\t\t\t<div class=\"elementor-element elementor-element-b7b7ced elementor-widget elementor-widget-heading\" data-id=\"b7b7ced\" data-element_type=\"widget\" data-e-type=\"widget\" data-widget_type=\"heading.default\">\n\t\t\t\t\t<h3 class=\"elementor-heading-title elementor-size-default\">Herstellung<\/h3>\t\t\t\t<\/div>\n\t\t\t\t<div class=\"elementor-element elementor-element-25df005 elementor-widget elementor-widget-text-editor\" data-id=\"25df005\" data-element_type=\"widget\" data-e-type=\"widget\" data-widget_type=\"text-editor.default\">\n\t\t\t\t\t\t\t\t\t<p><a href=\"https:\/\/baselab.ch\/wp-content\/uploads\/2024\/11\/lqgjcmy5qcm.jpg\"><img decoding=\"async\" class=\"alignleft wp-image-144\" src=\"https:\/\/baselab.ch\/wp-content\/uploads\/2024\/11\/lqgjcmy5qcm-300x200.jpg\" alt=\"becher de laboratoire\" width=\"200\" height=\"133\" srcset=\"https:\/\/baselab.ch\/wp-content\/uploads\/2024\/11\/lqgjcmy5qcm-300x200.jpg 300w, https:\/\/baselab.ch\/wp-content\/uploads\/2024\/11\/lqgjcmy5qcm-600x400.jpg 600w, https:\/\/baselab.ch\/wp-content\/uploads\/2024\/11\/lqgjcmy5qcm-1024x683.jpg 1024w, https:\/\/baselab.ch\/wp-content\/uploads\/2024\/11\/lqgjcmy5qcm-768x512.jpg 768w, https:\/\/baselab.ch\/wp-content\/uploads\/2024\/11\/lqgjcmy5qcm-1536x1024.jpg 1536w, https:\/\/baselab.ch\/wp-content\/uploads\/2024\/11\/lqgjcmy5qcm.jpg 1600w\" sizes=\"(max-width: 200px) 100vw, 200px\" \/><\/a>Wir bieten komplette Dienstleistungen zur Herstellung von E-Liquids mit oder ohne Nikotin sowohl f\u00fcr den Eigengebrauch als auch f\u00fcr Dritte an. Unser Fachwissen reicht von der \u00dcberwachung gesetzlicher Vorschriften, die f\u00fcr die Einhaltung sich st\u00e4ndig weiterentwickelnder Gesetze unerl\u00e4sslich ist, bis hin zur Gestaltung von Etiketten, die Ihre Markenidentit\u00e4t widerspiegeln. Wir sind bestrebt, Ihnen einen schl\u00fcsselfertigen Service zu bieten, der Sie dabei unterst\u00fctzt, Ihre neuen Produkte effektiv auf den Markt zu bringen. Dank unserer pers\u00f6nlichen Herangehensweise und unseres technischen Know-hows garantieren wir h\u00f6chste Qualit\u00e4t, die Ihren Erwartungen und denen Ihrer Kunden entspricht.<\/p>\t\t\t\t\t\t\t\t<\/div>\n\t\t\t\t\t<\/div>\n\t\t\t\t<\/div>\n\t\t<div class=\"elementor-element elementor-element-29e3362 e-flex e-con-boxed e-con e-parent\" data-id=\"29e3362\" data-element_type=\"container\" data-e-type=\"container\" data-settings=\"{&quot;background_background&quot;:&quot;classic&quot;}\">\n\t\t\t\t\t<div class=\"e-con-inner\">\n\t\t\t\t<div class=\"elementor-element elementor-element-ab9c955 elementor-widget elementor-widget-spacer\" data-id=\"ab9c955\" data-element_type=\"widget\" data-e-type=\"widget\" data-widget_type=\"spacer.default\">\n\t\t\t\t\t\t\t<div class=\"elementor-spacer\">\n\t\t\t<div class=\"elementor-spacer-inner\"><\/div>\n\t\t<\/div>\n\t\t\t\t\t\t<\/div>\n\t\t\t\t<div class=\"elementor-element elementor-element-2fcfe61 elementor-widget elementor-widget-heading\" data-id=\"2fcfe61\" data-element_type=\"widget\" data-e-type=\"widget\" data-widget_type=\"heading.default\">\n\t\t\t\t\t<h3 class=\"elementor-heading-title elementor-size-default\">Verpackung<\/h3>\t\t\t\t<\/div>\n\t\t\t\t<div class=\"elementor-element elementor-element-7563d8e elementor-widget elementor-widget-text-editor\" data-id=\"7563d8e\" data-element_type=\"widget\" data-e-type=\"widget\" data-widget_type=\"text-editor.default\">\n\t\t\t\t\t\t\t\t\t<p><a href=\"https:\/\/baselab.ch\/wp-content\/uploads\/2025\/03\/IMG-20250308-WA0009.jpeg\"><img loading=\"lazy\" decoding=\"async\" class=\"alignright wp-image-453\" src=\"https:\/\/baselab.ch\/wp-content\/uploads\/2025\/03\/IMG-20250308-WA0009-300x296.jpeg\" alt=\"\" width=\"200\" height=\"198\" srcset=\"https:\/\/baselab.ch\/wp-content\/uploads\/2025\/03\/IMG-20250308-WA0009-300x296.jpeg 300w, https:\/\/baselab.ch\/wp-content\/uploads\/2025\/03\/IMG-20250308-WA0009-100x100.jpeg 100w, https:\/\/baselab.ch\/wp-content\/uploads\/2025\/03\/IMG-20250308-WA0009-600x593.jpeg 600w, https:\/\/baselab.ch\/wp-content\/uploads\/2025\/03\/IMG-20250308-WA0009-1024x1012.jpeg 1024w, https:\/\/baselab.ch\/wp-content\/uploads\/2025\/03\/IMG-20250308-WA0009-768x759.jpeg 768w, https:\/\/baselab.ch\/wp-content\/uploads\/2025\/03\/IMG-20250308-WA0009-1536x1518.jpeg 1536w, https:\/\/baselab.ch\/wp-content\/uploads\/2025\/03\/IMG-20250308-WA0009-12x12.jpeg 12w, https:\/\/baselab.ch\/wp-content\/uploads\/2025\/03\/IMG-20250308-WA0009.jpeg 1911w\" sizes=\"(max-width: 200px) 100vw, 200px\" \/><\/a>Wir bieten eine breite Palette an Verpackungsservices f\u00fcr E-Liquids f\u00fcr den europ\u00e4ischen Markt, darunter Optionen mit und ohne Nikotin und in verschiedenen Gr\u00f6\u00dfen von 10 ml bis 200 ml. Wir verpflichten uns, sicherzustellen, dass alle unsere Herstellungsprozesse den GMP-Standards (Good Manufacturing Practices) strikt entsprechen, um die Qualit\u00e4t und Sicherheit unserer Produkte f\u00fcr unsere Kunden zu gew\u00e4hrleisten.<\/p>\t\t\t\t\t\t\t\t<\/div>\n\t\t\t\t\t<\/div>\n\t\t\t\t<\/div>\n\t\t\t\t<\/div>","protected":false},"excerpt":{"rendered":"<p>Nos services Distribution En tant que fabricant et distributeur de premier plan dans l&#8217;industrie des cigarettes \u00e9lectroniques, nous nous engageons \u00e0 offrir des services de distribution non seulement fiables mais \u00e9galement efficaces. Notre \u00e9quipe exp\u00e9riment\u00e9e g\u00e8re avec soin l&#8217;entreposage, l&#8217;emballage et l&#8217;exp\u00e9dition des commandes, garantissant ainsi que les produits de notre catalogue arrivent \u00e0 destination [&hellip;]<\/p>\n","protected":false},"author":1,"featured_media":0,"parent":0,"menu_order":0,"comment_status":"closed","ping_status":"closed","template":"","meta":{"footnotes":""},"class_list":["post-269","page","type-page","status-publish","hentry"],"_links":{"self":[{"href":"https:\/\/baselab.ch\/de\/wp-json\/wp\/v2\/pages\/269","targetHints":{"allow":["GET"]}}],"collection":[{"href":"https:\/\/baselab.ch\/de\/wp-json\/wp\/v2\/pages"}],"about":[{"href":"https:\/\/baselab.ch\/de\/wp-json\/wp\/v2\/types\/page"}],"author":[{"embeddable":true,"href":"https:\/\/baselab.ch\/de\/wp-json\/wp\/v2\/users\/1"}],"replies":[{"embeddable":true,"href":"https:\/\/baselab.ch\/de\/wp-json\/wp\/v2\/comments?post=269"}],"version-history":[{"count":19,"href":"https:\/\/baselab.ch\/de\/wp-json\/wp\/v2\/pages\/269\/revisions"}],"predecessor-version":[{"id":1151,"href":"https:\/\/baselab.ch\/de\/wp-json\/wp\/v2\/pages\/269\/revisions\/1151"}],"wp:attachment":[{"href":"https:\/\/baselab.ch\/de\/wp-json\/wp\/v2\/media?parent=269"}],"curies":[{"name":"wp","href":"https:\/\/api.w.org\/{rel}","templated":true}]}}