
{"id":13,"date":"2024-12-12T10:48:02","date_gmt":"2024-12-12T10:48:02","guid":{"rendered":"https:\/\/baselab.ch\/?page_id=13"},"modified":"2025-03-26T13:11:41","modified_gmt":"2025-03-26T13:11:41","slug":"conditions_de_vente","status":"publish","type":"page","link":"https:\/\/baselab.ch\/de\/conditions_de_vente\/","title":{"rendered":"ALLGEMEINE VERKAUFSBEDINGUNGEN"},"content":{"rendered":"<div data-elementor-type=\"wp-page\" data-elementor-id=\"13\" class=\"elementor elementor-13\" data-elementor-post-type=\"page\">\n\t\t\t\t<div class=\"elementor-element elementor-element-6169ec22 e-flex e-con-boxed e-con e-parent\" data-id=\"6169ec22\" data-element_type=\"container\" data-e-type=\"container\" data-settings=\"{&quot;background_background&quot;:&quot;classic&quot;}\">\n\t\t\t\t\t<div class=\"e-con-inner\">\n\t\t\t\t<div class=\"elementor-element elementor-element-21a23f5c elementor-widget elementor-widget-text-editor\" data-id=\"21a23f5c\" data-element_type=\"widget\" data-e-type=\"widget\" data-widget_type=\"text-editor.default\">\n\t\t\t\t\t\t\t\t\t<p>Diese Geschenke&nbsp;<strong>Allgemeine Verkaufsbedingungen<\/strong>&nbsp;regeln die Gesch\u00e4ftsbeziehungen zwischen BASELAB S\u00c0RL, Route du Petit-Bois 5B, 1727 Corpataux, und jeder nat\u00fcrlichen oder juristischen Person, im Folgenden K\u00e4ufer genannt, die einen Kauf auf der Website https:\/\/baselab.ch t\u00e4tigen m\u00f6chte<\/p>\n<p><!-- \/wp:paragraph --><!-- wp:paragraph --><\/p>\n<p>BASELAB S\u00c0RL beh\u00e4lt sich das Recht vor, die nachstehenden Allgemeinen Verkaufsbedingungen jederzeit zu \u00e4ndern. Ma\u00dfgeblich ist die Version, die am Tag der Bestellung auf der Website in Kraft ist.<\/p>\n<p><!-- \/wp:paragraph --><!-- wp:paragraph --><\/p>\n<p><strong>ARTIKEL 1:<\/strong>&nbsp;DER K\u00c4UFER<\/p>\n<p><!-- \/wp:paragraph --><!-- wp:paragraph --><\/p>\n<p>Der K\u00e4ufer muss ein im Handelsregister eingetragener Fachmann sein, dessen Hauptt\u00e4tigkeit mit der elektronischen Zigarettenindustrie verbunden ist, und mindestens&nbsp;<strong>unter 18 Jahren<\/strong>&nbsp;und sind gesch\u00e4ftsf\u00e4hig, um online unter https:\/\/baselab.ch eine Bestellung aufzugeben<\/p>\n<p><!-- \/wp:paragraph --><!-- wp:paragraph --><\/p>\n<p>Der K\u00e4ufer hat daf\u00fcr Sorge zu tragen, dass seine personenbezogenen Daten richtig und vollst\u00e4ndig sind. BASELAB S\u00c0RL kann nicht f\u00fcr die Unm\u00f6glichkeit der Lieferung der Bestellung verantwortlich gemacht werden, wenn die Daten des K\u00e4ufers einen Fehler enthalten oder unvollst\u00e4ndig sind.<\/p>\n<p><!-- \/wp:paragraph --><!-- wp:paragraph --><\/p>\n<p>BASELAB S\u00c0RL beh\u00e4lt sich das Recht vor, eine Bestellung zu stornieren, wenn Zweifel an der Redlichkeit des K\u00e4ufers bestehen.<\/p>\n<p><!-- \/wp:paragraph --><!-- wp:paragraph --><\/p>\n<p><strong>ARTIKEL 2:<\/strong>&nbsp;DIE KOSTEN<\/p>\n<p><!-- \/wp:paragraph --><!-- wp:paragraph --><\/p>\n<p>Die Produktpreise sind in Schweizer Franken ohne Steuern und Versandkosten angegeben. Versandkosten und Mehrwertsteuer werden vor der Best\u00e4tigung der Bestellung durch den K\u00e4ufer angezeigt.<\/p>\n<p><!-- \/wp:paragraph --><!-- wp:paragraph --><\/p>\n<p>Alle Verk\u00e4ufe sind in Schweizer Franken zu bezahlen, unabh\u00e4ngig davon, wo die Bestellung aufgegeben wird.<\/p>\n<p><!-- \/wp:paragraph --><!-- wp:paragraph --><\/p>\n<p>BASELAB S\u00c0RL beh\u00e4lt sich das Recht vor, seine Preise jederzeit zu \u00e4ndern. Die Abrechnung der Produkte erfolgt zu den bei der Bestellung angezeigten Preisen.<\/p>\n<p><!-- \/wp:paragraph --><!-- wp:paragraph --><\/p>\n<p><strong>ARTIKEL 3:<\/strong>&nbsp;DIE PRODUKTE<\/p>\n<p><!-- \/wp:paragraph --><!-- wp:paragraph --><\/p>\n<p>Die von BASELAB S\u00c0RL zum Verkauf angebotenen Produkte werden mit den wesentlichen Merkmalen der Produkte vorgestellt und detailliert beschrieben. Diese Merkmale und Fotos dienen ausschlie\u00dflich zu Informationszwecken und stimmen mit den von La BASELAB S\u00c0RL bereitgestellten Informationen \u00fcberein.  Es liegt in der Verantwortung des K\u00e4ufers, sich \u00fcber die Eigenschaften der Produkte sowie die gegebenen Empfehlungen zu informieren. Die wiedergegebenen Fotos und Texte, die die vorgestellten Produkte illustrieren, sind nicht vertraglich bindend. Folglich kann der Verk\u00e4ufer im Falle eines fotografischen Fehlers oder im Falle unbeabsichtigter Fehler in den ver\u00f6ffentlichten Texten oder im Falle jeglicher Vorf\u00e4lle oder besonderer Sch\u00e4den, gesundheitlicher oder hygienischer Probleme, die sich aus der Verwendung der Produkte ergeben, nicht haftbar gemacht werden. Der K\u00e4ufer erkennt an, dass die Verwendung dieses Produkts auf sein volles Risiko erfolgt.<\/p>\n<p><!-- \/wp:paragraph --><!-- wp:paragraph --><\/p>\n<p>Ebenso wenig kann BASELAB S\u00c0RL im Falle eines \u00fcberm\u00e4\u00dfigen Verbrauchs oder einer Nichtbeachtung der bestimmungsgem\u00e4\u00dfen Verwendung der Produkte haftbar gemacht werden.<\/p>\n<p><!-- \/wp:paragraph --><!-- wp:paragraph --><\/p>\n<p>Es wird daran erinnert, dass die elektronische Zigarette jedoch f\u00fcr Minderj\u00e4hrige verboten ist und f\u00fcr schwangere oder stillende Frauen sowie f\u00fcr Personen mit Herz-Kreislauf-Erkrankungen, Epilepsie, Asthma oder Nikotinempfindlichkeit nicht empfohlen wird. Es sei auch daran erinnert, dass die elektronische Zigarette keine anerkannte Methode zur Raucherentw\u00f6hnung ist.<\/p>\n<p><!-- \/wp:paragraph --><!-- wp:paragraph --><\/p>\n<p>Die angebotenen Produkte entsprechen der aktuellen Schweizer Gesetzgebung und den in der Schweiz und Europa geltenden Normen. BASELAB S\u00c0RL kann nicht haftbar gemacht werden, wenn die Gesetzgebung des Landes, in dem das Produkt geliefert oder konsumiert wird, nicht eingehalten wird.<\/p>\n<p><!-- \/wp:paragraph --><!-- wp:paragraph --><\/p>\n<p>Die angebotenen Produkte gelten in der Schweiz als Tabakprodukte. Sie unterliegen dem LPTab 818.32-Gesetz.<\/p>\n<p><!-- \/wp:paragraph --><!-- wp:paragraph --><\/p>\n<p>BASELAB S\u00c0RL beh\u00e4lt sich ausdr\u00fccklich das Eigentum an der gelieferten Ware bis zur vollst\u00e4ndigen Bezahlung des Verkaufspreises vor. Diese Bestimmung hebt die unten aufgef\u00fchrte Haftungsklausel ab dem Zeitpunkt der \u00dcbergabe der Bestellung an den K\u00e4ufer nicht auf. BASELAB S\u00c0RL haftet nicht f\u00fcr Verluste oder Sch\u00e4den ab dem Zeitpunkt, an dem die Bestellung ihr Gel\u00e4nde verl\u00e4sst.<\/p>\n<p><!-- \/wp:paragraph --><!-- wp:paragraph --><\/p>\n<p><strong>ARTIKEL 4:<\/strong>&nbsp;DER AUFTRAG<\/p>\n<p><!-- \/wp:paragraph --><!-- wp:paragraph --><\/p>\n<p>Bei der ersten Bestellung muss der K\u00e4ufer ein Online-Konto mit seinen pers\u00f6nlichen Daten anlegen. Der K\u00e4ufer hat f\u00fcr deren Aktualit\u00e4t Sorge zu tragen. Mit der Best\u00e4tigung seiner Bestellung akzeptiert der K\u00e4ufer den Preis und die Eigenschaften der auf der Website https:\/\/baselab.ch pr\u00e4sentierten Produkte.<\/p>\n<p><!-- \/wp:paragraph --><!-- wp:paragraph --><\/p>\n<p>Mit der Best\u00e4tigung seiner Bestellung best\u00e4tigt der K\u00e4ufer, dass er die Allgemeinen Verkaufsbedingungen gelesen hat und diese vorbehaltlos und uneingeschr\u00e4nkt akzeptiert.<\/p>\n<p><!-- \/wp:paragraph --><!-- wp:paragraph --><\/p>\n<p>Nach der Best\u00e4tigung der Bestellung erh\u00e4lt der K\u00e4ufer per E-Mail eine Best\u00e4tigung mit einer Zusammenfassung seiner Bestellung.<\/p>\n<p><!-- \/wp:paragraph --><!-- wp:paragraph --><\/p>\n<p>Die erfassten Transaktionsdaten dienen als Nachweis f\u00fcr s\u00e4mtliche Handelsgesch\u00e4fte mit dem K\u00e4ufer. BASELAB S\u00c0RL beh\u00e4lt sich das Recht vor, vom K\u00e4ufer unabh\u00e4ngig vom Betrag einen Adress- und\/oder Identit\u00e4tsnachweis anzufordern, um Betrug vorzubeugen.<\/p>\n<p><!-- \/wp:paragraph --><!-- wp:paragraph --><\/p>\n<p>Die w\u00e4hrend und nach dem Zahlungsvorgang erfassten Informationen stellen einen Nachweis aller finanziellen Transaktionen zwischen BASELAB S\u00c0RL und dem K\u00e4ufer dar.<\/p>\n<p><!-- \/wp:paragraph --><!-- wp:paragraph --><\/p>\n<p><strong>ARTIKEL 5:<\/strong>&nbsp;VERF\u00dcGBARKEIT<\/p>\n<p><!-- \/wp:paragraph --><!-- wp:paragraph --><\/p>\n<p>Produkte werden angeboten solange der Vorrat reicht.<\/p>\n<p><!-- \/wp:paragraph --><!-- wp:paragraph --><\/p>\n<p>Sollte das Produkt zum Zeitpunkt der Bestellung nicht verf\u00fcgbar sein, informiert BASELAB S\u00c0RL den K\u00e4ufer per E-Mail, Post oder Telefon. Der K\u00e4ufer hat dann die M\u00f6glichkeit, seine Bestellung zu stornieren oder umzutauschen. Bei vollst\u00e4ndiger Nichtverf\u00fcgbarkeit wird die Bestellung storniert und der Betrag auf das belastete Bankkonto zur\u00fcckerstattet. Bei einer Teillieferung der Bestellung wird nur der Betrag der gelieferten Waren ber\u00fccksichtigt und der Restbetrag dem K\u00e4ufer entweder in Form einer Gutschrift oder durch Gutschrift auf sein Bankkonto zur\u00fcckerstattet.<\/p>\n<p><!-- \/wp:paragraph --><!-- wp:paragraph --><\/p>\n<p><strong>ARTIKEL 6:<\/strong>&nbsp;ZAHLUNG<\/p>\n<p><!-- \/wp:paragraph --><!-- wp:paragraph --><\/p>\n<p>Die Bezahlung der Produkte erfolgt bar am Tag der Bestellung. Es wird kein Rabatt gew\u00e4hrt.<\/p>\n<p><!-- \/wp:paragraph --><!-- wp:paragraph --><\/p>\n<p>Alle Bestellungen werden in Schweizer Franken inklusive aller Steuern ausgedr\u00fcckt.<\/p>\n<p><!-- \/wp:paragraph --><!-- wp:paragraph --><\/p>\n<p>BASELAB S\u00c0RL beh\u00e4lt sich das Recht vor, jede Bestellung und\/oder Lieferung, unabh\u00e4ngig von ihrer Art und Ausf\u00fchrungsstufe, im Falle der Nichtzahlung eines vom K\u00e4ufer geschuldeten Betrags, im Falle eines Zahlungsvorfalls oder im Falle eines bestehenden Streits mit dem K\u00e4ufer auszusetzen oder zu stornieren.<\/p>\n<p><!-- \/wp:paragraph --><!-- wp:paragraph --><\/p>\n<p>Die vom K\u00e4ufer best\u00e4tigte Bestellung gilt erst dann als wirksam, wenn die Zahlung von dem Unternehmen best\u00e4tigt wird, das die Zahlungsl\u00f6sungen der Website verwaltet, oder bei Zahlungen per Rechnung auf dem Konto von BASELAB S\u00c0RL. Im Falle einer Ablehnung wird die Bestellung automatisch storniert.<\/p>\n<p><!-- \/wp:paragraph --><!-- wp:paragraph --><\/p>\n<p>Im Rahmen der Bek\u00e4mpfung von Internetbetrug k\u00f6nnen Informationen zu Ihrer Bestellung zur \u00dcberpr\u00fcfung an Dritte weitergegeben werden.<\/p>\n<p><!-- \/wp:paragraph --><!-- wp:paragraph --><\/p>\n<p>BASELAB S\u00c0RL speichert keine Bankdaten.<\/p>\n<p><!-- \/wp:paragraph --><!-- wp:paragraph --><\/p>\n<p>Die Zahlung erfolgt per CB- oder Twint-Zahlungskarte oder per Bank\u00fcberweisung.<\/p>\n<p><!-- \/wp:paragraph --><!-- wp:paragraph --><\/p>\n<p>Die Belastung des Kontos des K\u00e4ufers erfolgt am Tag der Bestellung oder wenige Tage sp\u00e4ter entsprechend den Fristen des Zahlungsdienstleisters.<\/p>\n<p><!-- \/wp:paragraph --><!-- wp:paragraph --><\/p>\n<p><strong>ARTIKEL 7:<\/strong>&nbsp;LIEFERUNG<\/p>\n<p><!-- \/wp:paragraph --><!-- wp:paragraph --><\/p>\n<p>Die Produkte werden an die vom K\u00e4ufer beim Kauf auf der Website angegebene Adresse geliefert, die sich ausschlie\u00dflich im vorgesehenen geografischen Gebiet befinden kann. Der K\u00e4ufer hat darauf zu achten, dass seine Kontaktdaten richtig und vollst\u00e4ndig sind.<\/p>\n<p><!-- \/wp:paragraph --><!-- wp:paragraph --><\/p>\n<p>Bei Nichtbeachtung der oben und unten beschriebenen Verfahren werden Anspr\u00fcche des K\u00e4ufers nicht anerkannt.<\/p>\n<p><!-- \/wp:paragraph --><!-- wp:paragraph --><\/p>\n<p>Die Lieferung der Artikel erfolgt per Spedition oder per Post. Bei Abwesenheit erh\u00e4lt der K\u00e4ufer bzw. Empf\u00e4nger der bestellten Ware eine Lieferbenachrichtigung, die es ihm erm\u00f6glicht, sich f\u00fcr eine erneute Zustellung am n\u00e4chsten Werktag oder am angegebenen Postschalter an den Spediteur zu wenden. Nach 15 Tagen wird das Paket an den Absender zur\u00fcckgeschickt. Eine Beanstandung der Zustellung selbst ist nicht m\u00f6glich, wenn es den Anschein macht, als sei das Paket zugestellt worden. Dies wird im Computersystem des Spediteurs oder der Post anhand der zugewiesenen Sendungsverfolgungsnummer nachgewiesen.<\/p>\n<p><!-- \/wp:paragraph --><!-- wp:paragraph --><\/p>\n<p>Der Transport der Waren erfolgt auf Risiko und Gefahr des Empf\u00e4ngers. Dieser ist daf\u00fcr verantwortlich, die Ware bei der Lieferung auf Sch\u00e4den und\/oder fehlende Artikel zu pr\u00fcfen. Bei offensichtlichen Anomalien am Paket (insbesondere besch\u00e4digtes Paket, ge\u00f6ffnetes Paket, Fl\u00fcssigkeitsspuren usw.) darf der K\u00e4ufer oder Empf\u00e4nger der bestellten Produkte das Paket nicht \u00f6ffnen, sondern wird aufgefordert, bei der \u00dcbergabe des Pakets eine \u201eDiebstahlsanzeige\u201c zu erstellen. Jede Lieferung, f\u00fcr die die Vorbehalte nicht innerhalb von 3 Tagen nach Erhalt per Einschreiben mit R\u00fcckschein best\u00e4tigt wurden und von der gleichzeitig eine Kopie an BASELAB S\u00c0RL gesendet wird, gilt als vom Kunden angenommen. Auch diese Vorf\u00e4lle muss der K\u00e4ufer dem Verk\u00e4ufer innerhalb von 48 Stunden unter Angabe der Bestellnummer melden.<\/p>\n<p><!-- \/wp:paragraph --><!-- wp:paragraph --><\/p>\n<p>Die angegebenen Lieferzeiten dienen ausschlie\u00dflich zu Informationszwecken und sind Richtwerte. Sie h\u00e4ngen insbesondere von der Verf\u00fcgbarkeit der Transportunternehmen und der Reihenfolge des Bestelleingangs ab. Ausgenommen hiervon sind F\u00e4lle h\u00f6herer Gewalt oder Umst\u00e4nde, die au\u00dferhalb der Kontrolle des Kunden liegen, wie beispielsweise Streiks, Frost, Feuer, Sturm, \u00dcberschwemmung, Epidemien, Versorgungsschwierigkeiten (wobei diese Aufz\u00e4hlung nicht abschlie\u00dfend ist). Lieferverz\u00f6gerungen berechtigen weder zu Vertragsstrafen noch zu Entsch\u00e4digungen und rechtfertigen auch nicht die Stornierung der Bestellung.<\/p>\n<p><!-- \/wp:paragraph --><!-- wp:paragraph --><\/p>\n<p>Eine Verz\u00f6gerung im Vergleich zu den urspr\u00fcnglich geplanten, indikativen Lieferzeiten rechtfertigt nicht die Stornierung der vom K\u00e4ufer aufgegebenen und auf der Website https:\/\/baselab.ch registrierten Bestellung.<\/p>\n<p><!-- \/wp:paragraph --><!-- wp:paragraph --><\/p>\n<p>Die Versandkosten werden in der Kauf\u00fcbersicht automatisch berechnet und sind im Gesamtbetrag enthalten.<\/p>\n<p><!-- \/wp:paragraph --><!-- wp:paragraph --><\/p>\n<p>BASELAB S\u00c0RL beh\u00e4lt sich das Recht vor, Sendungen aufzuteilen, falls bestimmte Artikel nicht verf\u00fcgbar sind.<\/p>\n<p><!-- \/wp:paragraph --><!-- wp:paragraph --><\/p>\n<p>BASELAB S\u00c0RL kann nicht f\u00fcr die Folgen einer Lieferverz\u00f6gerung verantwortlich gemacht werden. Im Falle einer Lieferverz\u00f6gerung wird dem K\u00e4ufer eine E-Mail zugesandt.<\/p>\n<p><!-- \/wp:paragraph --><!-- wp:paragraph --><\/p>\n<p><strong>ARTIKEL 8:<\/strong>&nbsp;VERSANDKOSTEN<\/p>\n<p><!-- \/wp:paragraph --><!-- wp:paragraph --><\/p>\n<p>In den Versandkosten ist ein Beitrag zu den Vorbereitungs- und Verpackungskosten sowie zu den Portokosten enthalten.<\/p>\n<p><!-- \/wp:paragraph --><!-- wp:paragraph --><\/p>\n<p><strong>ARTIKEL 9:<\/strong>&nbsp;&nbsp;GARANTIE &amp; R\u00dcCKGABE<\/p>\n<p><!-- \/wp:paragraph --><!-- wp:paragraph --><\/p>\n<p><strong>Garantie<\/strong><\/p>\n<p><!-- \/wp:paragraph --><!-- wp:paragraph --><\/p>\n<p>F\u00fcr die Produkte von BASELAB S\u00c0RL gilt die gesetzliche Garantie gegen versteckte M\u00e4ngel und Vertragswidrigkeiten. Aus diesem Grund k\u00f6nnen nur Produkte mit einem nachweislich versteckten Mangel zur\u00fcckgegeben werden. Der Kunde, der behauptet, dass sein Produkt einen versteckten Mangel aufweist, muss hierf\u00fcr den Beweis erbringen. Wenn das Gutachten das Vorliegen eines versteckten Mangels best\u00e4tigt, muss das Originaldokument schnellstm\u00f6glich an den Kundendienst von BASELAB S\u00c0RL gesendet werden. Nach Erhalt des Dokuments wird Ihnen vom Kundendienst eine schriftliche Best\u00e4tigung sowie die weitere Vorgehensweise und die R\u00fccksendeadresse f\u00fcr die Zusendung Ihres Produkts mitgeteilt. Die Kosten f\u00fcr die R\u00fccksendung des Produkts tr\u00e4gt der Kunde. Die Annahme der R\u00fccksendung erfolgt nach Feststellung des versteckten Mangels durch BASELAB S\u00c0RL. Sobald die R\u00fccksendung akzeptiert wurde, wird das Produkt auf Kosten von BASELAB S\u00c0RL umgetauscht.<\/p>\n<p><!-- \/wp:paragraph --><!-- wp:paragraph --><\/p>\n<p><strong>R\u00fcckgaben<\/strong><\/p>\n<p><!-- \/wp:paragraph --><!-- wp:paragraph --><\/p>\n<p>Warenr\u00fccksendungen werden nur akzeptiert, wenn das Produkt unge\u00f6ffnet ist (Cellophanierung intakt) und erfolgen auf Kosten des Kunden. Aus offensichtlichen Hygienegr\u00fcnden werden E-Liquids nicht zur\u00fcckgenommen, au\u00dfer im Falle eines Defekts. Bitte kontaktieren Sie uns in jedem Fall per E-Mail oder Telefon, bevor Sie ein Produkt zur\u00fccksenden.<\/p>\n<p><!-- \/wp:paragraph --><!-- wp:paragraph --><\/p>\n<p><strong>ARTIKEL 11:<\/strong>&nbsp;VERANTWORTUNG<\/p>\n<p><!-- \/wp:paragraph --><!-- wp:paragraph --><\/p>\n<p>BASELAB S\u00c0RL kann nicht f\u00fcr die Nichterf\u00fcllung des Vertrags verantwortlich gemacht werden, wenn das Produkt aufgrund h\u00f6herer Gewalt, St\u00f6rungen oder eines vollst\u00e4ndigen oder teilweisen Streiks, insbesondere der Postdienste und Transportmittel und\/oder der Kommunikation, aufgrund von \u00dcberschwemmungen oder Br\u00e4nden nicht vorr\u00e4tig ist oder nicht verf\u00fcgbar ist und die Lieferung der Bestellung oder deren Vernichtung verhindert werden kann.<\/p>\n<p><!-- \/wp:paragraph --><!-- wp:paragraph --><\/p>\n<p>Alle von BASELAB S\u00c0RL vertriebenen Produkte sind f\u00fcr die Reproduktion der Dampfinhalation bestimmt. Da keine wissenschaftlichen Studien zu den Nebenwirkungen durchgef\u00fchrt wurden, die mit der Aufnahme bestimmter Substanzen verbunden sein k\u00f6nnen, erkennt der K\u00e4ufer an, diese Produkte gem\u00e4\u00df den Verwendungsbedingungen und unter seiner vollen Verantwortung zu verwenden. BASELAB S\u00c0RL kann daher nicht f\u00fcr Gesundheits- oder Sicherheitsprobleme seiner Kunden oder f\u00fcr etwaige Vorf\u00e4lle oder besondere Sch\u00e4den, die sich aus der Verwendung der Produkte ergeben, haftbar gemacht werden.<\/p>\n<p><!-- \/wp:paragraph --><!-- wp:paragraph --><\/p>\n<p>BASELAB S\u00c0RL kann nicht haftbar gemacht werden, wenn die Produkte nicht bestimmungsgem\u00e4\u00df (oder im Falle der Verwendung anderer Produkte) verwendet werden, insbesondere nicht gem\u00e4\u00df der Bedienungsanleitung und den auf den Produktpr\u00e4sentationsseiten der Website angegebenen Merkmalen.<\/p>\n<p><!-- \/wp:paragraph --><!-- wp:paragraph --><\/p>\n<p>Die auf der Website enthaltenen Fotos und Informationen, die die pr\u00e4sentierten Produkte veranschaulichen, sind nicht vertraglich bindend. Obwohl BASELAB S\u00c0RL als zuverl\u00e4ssig gilt, kann das Unternehmen nicht f\u00fcr etwaige Fehler in Bildern oder Texten verantwortlich gemacht werden.<\/p>\n<p><!-- \/wp:paragraph --><!-- wp:paragraph --><\/p>\n<p>Bei gewerblichen K\u00e4ufen \u00fcbernimmt BASELAB S\u00c0RL keine Haftung f\u00fcr indirekte Sch\u00e4den, die sich aus diesen Bedingungen ergeben, wie Gesch\u00e4ftsverluste, entgangene Gewinne, entgangene Chancen, Sch\u00e4den oder Kosten, die durch den Kauf der Produkte entstehen k\u00f6nnen.<\/p>\n<p><!-- \/wp:paragraph --><!-- wp:paragraph --><\/p>\n<p>BASELAB S\u00c0RL ist im Online-Verkaufsprozess nur an eine Mittelverpflichtung gebunden; F\u00fcr Sch\u00e4den, die sich aus der Nutzung des Internet-Netzwerks ergeben, wie etwa Datenverlust, Eindringen, Viren, Dienstunterbrechung oder andere unfreiwillige Probleme, kann keine Haftung \u00fcbernommen werden.<\/p>\n<p><!-- \/wp:paragraph --><!-- wp:paragraph --><\/p>\n<p><strong>ARTIKEL 12:<\/strong>&nbsp;SCHUTZ PERS\u00d6NLICHER DATEN<\/p>\n<p><!-- \/wp:paragraph --><!-- wp:paragraph --><\/p>\n<p>BASELAB S\u00c0RL verpflichtet sich, die Informationen, die ihr der K\u00e4ufer mitteilt, nicht an Dritte weiterzugeben. Diese bleiben vertraulich. Sie werden ausschlie\u00dflich zur Bearbeitung Ihrer Bestellung und zur Kommunikation zwischen BASELAB S\u00c0RL und seinen Kunden verwendet.<\/p>\n<p><!-- \/wp:paragraph --><!-- wp:paragraph --><\/p>\n<p><strong>ARTIKEL 13:<\/strong>&nbsp;ANWENDBARES RECHT UND ZUST\u00c4NDIGE GERICHTSBARKEIT<\/p>\n<p><!-- \/wp:paragraph --><!-- wp:paragraph --><\/p>\n<p>Die allgemeinen Verkaufsbedingungen der BASELAB S\u00c0RL sind in franz\u00f6sischer Sprache verfasst und unterliegen schweizerischem Recht. F\u00fcr alle Streitigkeiten, die sich aus diesen Allgemeinen Verkaufsbedingungen ergeben, ist das Gericht am Sitz unseres Unternehmens zust\u00e4ndig.<\/p>\n<p><!-- \/wp:paragraph --><!-- wp:paragraph --><\/p>\n<p><strong>ARTIKEL 14:<\/strong>&nbsp;GEISTIGES EIGENTUM<\/p>\n<p><!-- \/wp:paragraph --><!-- wp:paragraph --><\/p>\n<p>Alle Elemente der Website https:\/\/baselab.ch (Bilder, Texte, Videos, Kommentare, grafische Gestaltung usw.) sind geistiges und ausschlie\u00dfliches Eigentum von BASELAB S\u00c0RL. Jede andere Verwendung stellt eine Verletzung dar und wird gem\u00e4\u00df dem Gesetz zum geistigen Eigentum geahndet, sofern nicht zuvor die Genehmigung von BASELAB S\u00c0RL eingeholt wurde. Alle Rechte vorbehalten.<\/p>\n<p><!-- \/wp:paragraph --><\/p>\t\t\t\t\t\t\t\t<\/div>\n\t\t\t\t\t<\/div>\n\t\t\t\t<\/div>\n\t\t\t\t<\/div>","protected":false},"excerpt":{"rendered":"<p>Les pr\u00e9sentes&nbsp;conditions g\u00e9n\u00e9rales de vente&nbsp;r\u00e9gissent les relations commerciales entre BASELAB S\u00c0RL, sis \u00e0 Route du Petit-Bois 5B,&nbsp;1727 Corpataux, et toute personne physique et morale, ci-dessous d\u00e9nomm\u00e9e l\u2019acheteur, souhaitant effectuer un achat sur le site internet https:\/\/baselab.ch BASELAB S\u00c0RL se r\u00e9serve le droit de modifier \u00e0 tout moment les Conditions G\u00e9n\u00e9rales de Ventes ci-dessous. La version [&hellip;]<\/p>\n","protected":false},"author":1,"featured_media":0,"parent":0,"menu_order":0,"comment_status":"closed","ping_status":"closed","template":"","meta":{"footnotes":""},"class_list":["post-13","page","type-page","status-publish","hentry"],"_links":{"self":[{"href":"https:\/\/baselab.ch\/de\/wp-json\/wp\/v2\/pages\/13","targetHints":{"allow":["GET"]}}],"collection":[{"href":"https:\/\/baselab.ch\/de\/wp-json\/wp\/v2\/pages"}],"about":[{"href":"https:\/\/baselab.ch\/de\/wp-json\/wp\/v2\/types\/page"}],"author":[{"embeddable":true,"href":"https:\/\/baselab.ch\/de\/wp-json\/wp\/v2\/users\/1"}],"replies":[{"embeddable":true,"href":"https:\/\/baselab.ch\/de\/wp-json\/wp\/v2\/comments?post=13"}],"version-history":[{"count":8,"href":"https:\/\/baselab.ch\/de\/wp-json\/wp\/v2\/pages\/13\/revisions"}],"predecessor-version":[{"id":1690,"href":"https:\/\/baselab.ch\/de\/wp-json\/wp\/v2\/pages\/13\/revisions\/1690"}],"wp:attachment":[{"href":"https:\/\/baselab.ch\/de\/wp-json\/wp\/v2\/media?parent=13"}],"curies":[{"name":"wp","href":"https:\/\/api.w.org\/{rel}","templated":true}]}}